{"id":23291,"date":"2020-06-30T22:49:35","date_gmt":"2020-06-30T22:49:35","guid":{"rendered":"https:\/\/katpro.de\/?page_id=23291"},"modified":"2025-08-11T10:15:55","modified_gmt":"2025-08-11T10:15:55","slug":"impressum","status":"publish","type":"page","link":"https:\/\/katpro.de\/en\/impressum\/","title":{"rendered":"Imprint"},"content":{"rendered":"<p>[et_pb_section fb_built=&#8221;1&#8243; _builder_version=&#8221;4.25.2&#8243; custom_padding=&#8221;55px||||false|false&#8221; global_colors_info=&#8221;{}&#8221;][et_pb_row _builder_version=&#8221;4.27.4&#8243; max_width=&#8221;1200px&#8221; global_colors_info=&#8221;{}&#8221;][et_pb_column type=&#8221;4_4&#8243; _builder_version=&#8221;4.16&#8243; global_colors_info=&#8221;{}&#8221;][et_pb_text _builder_version=&#8221;4.27.4&#8243; header_3_font=&#8221;&#8211;et_global_heading_font|700|||||||&#8221; header_3_text_align=&#8221;left&#8221; header_3_text_color=&#8221;#242846&#8243; header_3_font_size=&#8221;36px&#8221; header_3_line_height=&#8221;1.2em&#8221; max_width=&#8221;850px&#8221; module_alignment=&#8221;left&#8221; header_3_font_size_tablet=&#8221;36px&#8221; header_3_font_size_phone=&#8221;24px&#8221; header_3_font_size_last_edited=&#8221;on|phone&#8221; global_colors_info=&#8221;{}&#8221;]<\/p>\n<h3>Impressum<\/h3>\n<p>[\/et_pb_text][et_pb_text _builder_version=&#8221;4.27.4&#8243; text_font=&#8221;&#8211;et_global_body_font||||||||&#8221; text_text_color=&#8221;#242846&#8243; text_font_size=&#8221;17px&#8221; text_line_height=&#8221;1.6em&#8221; link_text_color=&#8221;#e41d1a&#8221; hover_enabled=&#8221;0&#8243; global_colors_info=&#8221;{}&#8221; sticky_enabled=&#8221;0&#8243;]<\/p>\n<p><strong>Angaben gem\u00e4\u00df \u00a7 5 DDG:<\/strong><br \/>PromoTool GmbH<br \/><span>Damerowstr. 65<\/span><br \/><span>13187 Berlin<\/span><\/p>\n<p><strong>Kontakt:<\/strong><br \/>Telefon: <span>+49 30 4746596<\/span><br \/>E-Mail:<span> info@promo-tool.de<\/span><\/p>\n<p><strong>Vertretungsberechtigte Gesch\u00e4ftsf\u00fchrerin &amp; Vertretungsberechtigter Gesch\u00e4ftsf\u00fchrer:<\/strong><br \/><span>Eileen Kammann, Dr. Thomas R\u00fcsch<\/span><\/p>\n<p><strong>Sitz:<\/strong><span> Berlin<\/span><br \/><strong>Registergericht:<\/strong><span> Amtsgericht Charlottenburg<\/span>, <span>HRB 241024 B<\/span><br \/><strong>USt-IdNr.:<\/strong><span>\u00a0<\/span>Umsatzsteuer-Identifikationsnummer gem\u00e4\u00df \u00a7 27a Umsatzsteuergesetz <span>DE353814107<\/span><\/p>\n<p><strong>Inhalt:<\/strong><br \/>Verantwortlich f\u00fcr den Inhalt nach \u00a7 18 Abs. 2 MStV:<br \/><span>Dr. Thomas R\u00fcsch<\/span><\/p>\n<p><strong>Online-Streitbeilegung gem\u00e4\u00df Art. 14 Abs. 1 ODR-VO:<\/strong><br \/>Die Europ\u00e4ische Kommission stellt eine Plattform zur Online-Streitbeilegung (OS) bereit:<span>\u00a0<\/span><a href=\"https:\/\/ec.europa.eu\/consumers\/odr\">https:\/\/ec.europa.eu\/consumers\/odr<\/a>.<br \/>Unsere E-Mail-Adresse finden Sie oben im Impressum.<br \/>Wir sind nicht bereit oder verpflichtet, an Streitbeilegungsverfahren vor einer Verbraucherschlichtungsstelle teilzunehmen.<\/p>\n<p><strong>Weitere rechtliche Hinweise<\/strong><br \/><strong>Haftung f\u00fcr Inhalte<\/strong><br \/>Als Diensteanbieter sind wir gem\u00e4\u00df \u00a7 7 Abs.1 DDG f\u00fcr eigene Inhalte auf diesen Seiten nach den allgemeinen Gesetzen verantwortlich. Nach \u00a7\u00a7 8 bis 10 DDG sind wir als Diensteanbieter jedoch nicht verpflichtet, \u00fcbermittelte oder gespeicherte fremde Informationen zu \u00fcberwachen oder nach Umst\u00e4nden zu forschen, die auf eine rechtswidrige T\u00e4tigkeit hinweisen.<br \/>Verpflichtungen zur Entfernung oder Sperrung der Nutzung von Informationen nach den allgemeinen Gesetzen bleiben hiervon unber\u00fchrt. Eine diesbez\u00fcgliche Haftung ist jedoch grunds\u00e4tzlich erst ab dem Zeitpunkt der Kenntnis einer konkreten Rechtsverletzung m\u00f6glich. Bei Bekanntwerden von entsprechenden Rechtsverletzungen werden wir diese Inhalte umgehend entfernen.<\/p>\n<p><strong>Haftung f\u00fcr Links<\/strong><br \/>Unser Angebot enth\u00e4lt Links zu externen Websites Dritter, auf deren Inhalte wir keinen Einfluss haben. Deshalb k\u00f6nnen wir f\u00fcr diese fremden Inhalte auch keine Gew\u00e4hrleistung \u00fcbernehmen. F\u00fcr die Inhalte der verlinkten Seiten ist stets der jeweilige Anbieter oder Betreiber der Seiten verantwortlich. Die verlinkten Seiten wurden zum Zeitpunkt der Verlinkung auf m\u00f6gliche Rechtsverst\u00f6\u00dfe \u00fcberpr\u00fcft. Rechtswidrige Inhalte waren zum Zeitpunkt der Verlinkung nicht erkennbar.<br \/>Eine permanente inhaltliche Kontrolle der verlinkten Seiten ist jedoch ohne konkrete Anhaltspunkte einer Rechtsverletzung nicht zumutbar. Daher weisen wir daraufhin, dass der Besuch von verlinkten Websites grunds\u00e4tzlich auf eigene Verantwortung geschieht. Bei Bekanntwerden von Rechtsverletzungen werden wir derartige Links umgehend entfernen.<\/p>\n<p><strong>Urheberrecht<\/strong><br \/>Die durch die Seitenbetreiber erstellten Inhalte und Werke auf diesen Seiten unterliegen dem deutschen Urheberrecht. Die Vervielf\u00e4ltigung, Bearbeitung, Verbreitung und jede Art der Verwertung au\u00dferhalb der Grenzen des Urheberrechtes bed\u00fcrfen der schriftlichen Zustimmung des jeweiligen Autors bzw. Erstellers. Downloads und Kopien dieser Seite sind nur f\u00fcr den privaten, nicht kommerziellen Gebrauch gestattet.<br \/>Soweit die Inhalte auf dieser Seite nicht vom Betreiber erstellt wurden, werden die Urheberrechte Dritter beachtet. Insbesondere werden Inhalte Dritter je nach Umfang der erworbenen oder anderweitig gew\u00e4hrten Nutzungsrechte als solche gekennzeichnet. Sollten Sie trotzdem auf eine Urheberrechtsverletzung aufmerksam werden, bitten wir um einen entsprechenden Hinweis. Bei Bekanntwerden von Rechtsverletzungen werden wir derartige Inhalte umgehend entfernen.<\/p>\n<p><strong>Datenschutz<\/strong><br \/>Die Nutzung unserer Seite ist in der Regel ohne Angabe personenbezogener Daten m\u00f6glich. Soweit auf unseren Seiten personenbezogene Daten (beispielsweise, Name, Anschrift oder E-Mail-Adresse oder mithilfe von Cookies erhobene Nutzungsdaten) verarbeitet werden, erfolgt dies grunds\u00e4tzlich stets auf freiwilliger Basis und erst nach Einwilligung. Die personenbezogenen Daten werden nicht ohne Ihre ausdr\u00fcckliche Zustimmung an Dritte weitergegeben. Die PromoTool GmbH weist darauf hin, dass die Daten\u00fcbertragung im Internet (z.B. bei der Kommunikation per E-Mail) Sicherheitsl\u00fccken aufweisen kann. Ein l\u00fcckenloser Schutz der Daten vor dem Zugriff durch Dritte ist grunds\u00e4tzlich nicht m\u00f6glich.<\/p>\n<p>Der Nutzung von im Rahmen der Impressumspflicht ver\u00f6ffentlichten Kontaktdaten durch Dritte zur \u00dcbersendung von nicht ausdr\u00fccklich angeforderter Werbung und Informationsmaterialien wird hiermit ausdr\u00fccklich widersprochen. Die Betreiber der Seiten behalten sich ausdr\u00fccklich rechtliche Schritte im Falle der unverlangten Zusendung von Werbeinformationen, etwa mittels Spam-Mails, vor.<br \/>Weitere Informationen zum Datenschutz finden Sie in unserer<span>\u00a0<\/span><a href=\"https:\/\/katpro.de\/datenschutzerklaerung\/\">Datenschutzerkl\u00e4rung<\/a>.<\/p>\n<p>[\/et_pb_text][\/et_pb_column][\/et_pb_row][\/et_pb_section]<\/p>\n","protected":false},"excerpt":{"rendered":"<p>ImpressumAngaben gem\u00e4\u00df \u00a7 5 DDG:PromoTool GmbHDamerowstr. 6513187 Berlin Kontakt:Telefon: +49 30 4746596E-Mail: info@promo-tool.de Vertretungsberechtigte Gesch\u00e4ftsf\u00fchrerin &amp; Vertretungsberechtigter Gesch\u00e4ftsf\u00fchrer:Eileen Kammann, Dr. Thomas R\u00fcsch Sitz: BerlinRegistergericht: Amtsgericht Charlottenburg, HRB 241024 BUSt-IdNr.:\u00a0Umsatzsteuer-Identifikationsnummer gem\u00e4\u00df \u00a7 27a Umsatzsteuergesetz DE353814107 Inhalt:Verantwortlich f\u00fcr den Inhalt nach \u00a7 18 Abs. 2 MStV:Dr. Thomas R\u00fcsch Online-Streitbeilegung gem\u00e4\u00df Art. 14 Abs. 1 ODR-VO:Die Europ\u00e4ische Kommission [&hellip;]<\/p>\n","protected":false},"author":1,"featured_media":0,"parent":0,"menu_order":0,"comment_status":"closed","ping_status":"closed","template":"","meta":{"_et_pb_use_builder":"on","_et_pb_old_content":"","_et_gb_content_width":"","footnotes":""},"dipi_cpt_category":[],"class_list":["post-23291","page","type-page","status-publish","hentry"],"yoast_head":"<!-- This site is optimized with the Yoast SEO plugin v27.4 - https:\/\/yoast.com\/product\/yoast-seo-wordpress\/ -->\n<title>Impressum - KATPRO<\/title>\n<meta name=\"robots\" content=\"index, follow, max-snippet:-1, max-image-preview:large, max-video-preview:-1\" \/>\n<link rel=\"canonical\" href=\"https:\/\/katpro.de\/en\/impressum\/\" \/>\n<meta property=\"og:locale\" content=\"en_GB\" \/>\n<meta property=\"og:type\" content=\"article\" \/>\n<meta property=\"og:title\" content=\"Impressum - KATPRO\" \/>\n<meta property=\"og:description\" content=\"ImpressumAngaben gem\u00e4\u00df \u00a7 5 DDG:PromoTool GmbHDamerowstr. 6513187 Berlin Kontakt:Telefon: +49 30 4746596E-Mail: info@promo-tool.de Vertretungsberechtigte Gesch\u00e4ftsf\u00fchrerin &amp; Vertretungsberechtigter Gesch\u00e4ftsf\u00fchrer:Eileen Kammann, Dr. Thomas R\u00fcsch Sitz: BerlinRegistergericht: Amtsgericht Charlottenburg, HRB 241024 BUSt-IdNr.:\u00a0Umsatzsteuer-Identifikationsnummer gem\u00e4\u00df \u00a7 27a Umsatzsteuergesetz DE353814107 Inhalt:Verantwortlich f\u00fcr den Inhalt nach \u00a7 18 Abs. 2 MStV:Dr. Thomas R\u00fcsch Online-Streitbeilegung gem\u00e4\u00df Art. 14 Abs. 1 ODR-VO:Die Europ\u00e4ische Kommission [&hellip;]\" \/>\n<meta property=\"og:url\" content=\"https:\/\/katpro.de\/en\/impressum\/\" \/>\n<meta property=\"og:site_name\" content=\"KATPRO\" \/>\n<meta property=\"article:modified_time\" content=\"2025-08-11T10:15:55+00:00\" \/>\n<meta name=\"twitter:card\" content=\"summary_large_image\" \/>\n<meta name=\"twitter:label1\" content=\"Estimated reading time\" \/>\n\t<meta name=\"twitter:data1\" content=\"4 minutes\" \/>\n<script type=\"application\/ld+json\" class=\"yoast-schema-graph\">{\"@context\":\"https:\\\/\\\/schema.org\",\"@graph\":[{\"@type\":\"WebPage\",\"@id\":\"https:\\\/\\\/katpro.de\\\/impressum\\\/\",\"url\":\"https:\\\/\\\/katpro.de\\\/impressum\\\/\",\"name\":\"Impressum - KATPRO\",\"isPartOf\":{\"@id\":\"https:\\\/\\\/katpro.de\\\/#website\"},\"datePublished\":\"2020-06-30T22:49:35+00:00\",\"dateModified\":\"2025-08-11T10:15:55+00:00\",\"breadcrumb\":{\"@id\":\"https:\\\/\\\/katpro.de\\\/impressum\\\/#breadcrumb\"},\"inLanguage\":\"en-GB\",\"potentialAction\":[{\"@type\":\"ReadAction\",\"target\":[\"https:\\\/\\\/katpro.de\\\/impressum\\\/\"]}]},{\"@type\":\"BreadcrumbList\",\"@id\":\"https:\\\/\\\/katpro.de\\\/impressum\\\/#breadcrumb\",\"itemListElement\":[{\"@type\":\"ListItem\",\"position\":1,\"name\":\"Startseite\",\"item\":\"https:\\\/\\\/katpro.de\\\/\"},{\"@type\":\"ListItem\",\"position\":2,\"name\":\"Impressum\"}]},{\"@type\":\"WebSite\",\"@id\":\"https:\\\/\\\/katpro.de\\\/#website\",\"url\":\"https:\\\/\\\/katpro.de\\\/\",\"name\":\"KATPRO\",\"description\":\"Innovationen f&uuml;r den Katastrophenschutz\",\"potentialAction\":[{\"@type\":\"SearchAction\",\"target\":{\"@type\":\"EntryPoint\",\"urlTemplate\":\"https:\\\/\\\/katpro.de\\\/?s={search_term_string}\"},\"query-input\":{\"@type\":\"PropertyValueSpecification\",\"valueRequired\":true,\"valueName\":\"search_term_string\"}}],\"inLanguage\":\"en-GB\"}]}<\/script>\n<!-- \/ Yoast SEO plugin. -->","yoast_head_json":{"title":"Impressum - KATPRO","robots":{"index":"index","follow":"follow","max-snippet":"max-snippet:-1","max-image-preview":"max-image-preview:large","max-video-preview":"max-video-preview:-1"},"canonical":"https:\/\/katpro.de\/en\/impressum\/","og_locale":"en_GB","og_type":"article","og_title":"Impressum - KATPRO","og_description":"ImpressumAngaben gem\u00e4\u00df \u00a7 5 DDG:PromoTool GmbHDamerowstr. 6513187 Berlin Kontakt:Telefon: +49 30 4746596E-Mail: info@promo-tool.de Vertretungsberechtigte Gesch\u00e4ftsf\u00fchrerin &amp; Vertretungsberechtigter Gesch\u00e4ftsf\u00fchrer:Eileen Kammann, Dr. Thomas R\u00fcsch Sitz: BerlinRegistergericht: Amtsgericht Charlottenburg, HRB 241024 BUSt-IdNr.:\u00a0Umsatzsteuer-Identifikationsnummer gem\u00e4\u00df \u00a7 27a Umsatzsteuergesetz DE353814107 Inhalt:Verantwortlich f\u00fcr den Inhalt nach \u00a7 18 Abs. 2 MStV:Dr. Thomas R\u00fcsch Online-Streitbeilegung gem\u00e4\u00df Art. 14 Abs. 1 ODR-VO:Die Europ\u00e4ische Kommission [&hellip;]","og_url":"https:\/\/katpro.de\/en\/impressum\/","og_site_name":"KATPRO","article_modified_time":"2025-08-11T10:15:55+00:00","twitter_card":"summary_large_image","twitter_misc":{"Estimated reading time":"4 minutes"},"schema":{"@context":"https:\/\/schema.org","@graph":[{"@type":"WebPage","@id":"https:\/\/katpro.de\/impressum\/","url":"https:\/\/katpro.de\/impressum\/","name":"Impressum - KATPRO","isPartOf":{"@id":"https:\/\/katpro.de\/#website"},"datePublished":"2020-06-30T22:49:35+00:00","dateModified":"2025-08-11T10:15:55+00:00","breadcrumb":{"@id":"https:\/\/katpro.de\/impressum\/#breadcrumb"},"inLanguage":"en-GB","potentialAction":[{"@type":"ReadAction","target":["https:\/\/katpro.de\/impressum\/"]}]},{"@type":"BreadcrumbList","@id":"https:\/\/katpro.de\/impressum\/#breadcrumb","itemListElement":[{"@type":"ListItem","position":1,"name":"Startseite","item":"https:\/\/katpro.de\/"},{"@type":"ListItem","position":2,"name":"Impressum"}]},{"@type":"WebSite","@id":"https:\/\/katpro.de\/#website","url":"https:\/\/katpro.de\/","name":"KATPRO","description":"Innovationen f&uuml;r den Katastrophenschutz","potentialAction":[{"@type":"SearchAction","target":{"@type":"EntryPoint","urlTemplate":"https:\/\/katpro.de\/?s={search_term_string}"},"query-input":{"@type":"PropertyValueSpecification","valueRequired":true,"valueName":"search_term_string"}}],"inLanguage":"en-GB"}]}},"_links":{"self":[{"href":"https:\/\/katpro.de\/en\/wp-json\/wp\/v2\/pages\/23291","targetHints":{"allow":["GET"]}}],"collection":[{"href":"https:\/\/katpro.de\/en\/wp-json\/wp\/v2\/pages"}],"about":[{"href":"https:\/\/katpro.de\/en\/wp-json\/wp\/v2\/types\/page"}],"author":[{"embeddable":true,"href":"https:\/\/katpro.de\/en\/wp-json\/wp\/v2\/users\/1"}],"replies":[{"embeddable":true,"href":"https:\/\/katpro.de\/en\/wp-json\/wp\/v2\/comments?post=23291"}],"version-history":[{"count":0,"href":"https:\/\/katpro.de\/en\/wp-json\/wp\/v2\/pages\/23291\/revisions"}],"wp:attachment":[{"href":"https:\/\/katpro.de\/en\/wp-json\/wp\/v2\/media?parent=23291"}],"wp:term":[{"taxonomy":"dipi_cpt_category","embeddable":true,"href":"https:\/\/katpro.de\/en\/wp-json\/wp\/v2\/dipi_cpt_category?post=23291"}],"curies":[{"name":"wp","href":"https:\/\/api.w.org\/{rel}","templated":true}]}}