{"id":23945017,"date":"2025-04-15T08:53:04","date_gmt":"2025-04-15T08:53:04","guid":{"rendered":"https:\/\/katpro.de\/?page_id=23945017"},"modified":"2025-08-11T10:39:11","modified_gmt":"2025-08-11T10:39:11","slug":"tema","status":"publish","type":"page","link":"https:\/\/katpro.de\/en\/tema\/","title":{"rendered":"TEMA"},"content":{"rendered":"<p>[et_pb_section fb_built=&#8221;1&#8243; _builder_version=&#8221;4.16&#8243; global_colors_info=&#8221;{}&#8221;][et_pb_row column_structure=&#8221;1_2,1_2&#8243; disabled_on=&#8221;on|on|off&#8221; _builder_version=&#8221;4.27.4&#8243; global_colors_info=&#8221;{}&#8221;][et_pb_column type=&#8221;1_2&#8243; _builder_version=&#8221;4.16&#8243; global_colors_info=&#8221;{}&#8221;][et_pb_text _builder_version=&#8221;4.25.2&#8243; text_font=&#8221;Mukta Malar|700|||||||&#8221; text_font_size=&#8221;25px&#8221; header_3_font=&#8221;&#8211;et_global_heading_font|700|||||||&#8221; header_3_text_color=&#8221;gcid-heading-color&#8221; header_3_font_size=&#8221;29px&#8221; custom_margin=&#8221;7px||||false|false&#8221; global_colors_info=&#8221;{%22gcid-heading-color%22:%91%22header_3_text_color%22%93}&#8221;]<\/p>\n<h3 data-start=\"176\" data-end=\"211\" class=\"\">TEMA Technologie Marketing AG<\/h3>\n<p>[\/et_pb_text][et_pb_divider color=&#8221;#E41D1A&#8221; divider_weight=&#8221;2px&#8221; _builder_version=&#8221;4.25.2&#8243; global_colors_info=&#8221;{}&#8221;][\/et_pb_divider][\/et_pb_column][et_pb_column type=&#8221;1_2&#8243; _builder_version=&#8221;4.16&#8243; global_colors_info=&#8221;{}&#8221;][et_pb_button button_url=&#8221;https:\/\/katpro.de\/#mitglieder&#8221; button_text=&#8221;ZUR\u00dcCK&#8221; button_alignment=&#8221;right&#8221; _builder_version=&#8221;4.27.4&#8243; custom_button=&#8221;on&#8221; button_text_size=&#8221;14px&#8221; button_text_color=&#8221;#FFFFFF&#8221; button_border_width=&#8221;0px&#8221; button_border_color=&#8221;#2eabc1&#8243; button_border_radius=&#8221;10px&#8221; button_letter_spacing=&#8221;0px&#8221; button_font=&#8221;|600||on|||||&#8221; button_use_icon=&#8221;off&#8221; custom_padding=&#8221;13px|30px|13px|30px|true|true&#8221; box_shadow_style=&#8221;preset3&#8243; locked=&#8221;off&#8221; global_colors_info=&#8221;{%22gcid-55471430-512e-486b-955c-ddb7c79577ec%22:%91%22button_text_color%22%93}&#8221; button_text_color__hover_enabled=&#8221;off|desktop&#8221; button_text_color__hover=&#8221;#E41D1A&#8221; button_bg_color__hover_enabled=&#8221;on|hover&#8221; button_bg_color__hover=&#8221;#3A3F70&#8243; button_bg_enable_color__hover=&#8221;on&#8221; button_border_color__hover_enabled=&#8221;on|hover&#8221; button_border_color__hover=&#8221;#425d93&#8243; button_letter_spacing__hover_enabled=&#8221;on|hover&#8221; button_letter_spacing__hover=&#8221;2px&#8221;][\/et_pb_button][\/et_pb_column][\/et_pb_row][et_pb_row column_structure=&#8221;1_2,1_2&#8243; disabled_on=&#8221;off|off|on&#8221; _builder_version=&#8221;4.27.4&#8243; global_colors_info=&#8221;{}&#8221;][et_pb_column type=&#8221;1_2&#8243; _builder_version=&#8221;4.16&#8243; global_colors_info=&#8221;{}&#8221;][et_pb_button button_url=&#8221;https:\/\/katpro.de\/#mitglieder&#8221; button_text=&#8221;ZUR\u00dcCK&#8221; button_alignment=&#8221;right&#8221; _builder_version=&#8221;4.27.4&#8243; custom_button=&#8221;on&#8221; button_text_size=&#8221;14px&#8221; button_text_color=&#8221;#FFFFFF&#8221; button_border_width=&#8221;0px&#8221; button_border_color=&#8221;#2eabc1&#8243; button_border_radius=&#8221;10px&#8221; button_letter_spacing=&#8221;0px&#8221; button_font=&#8221;|600||on|||||&#8221; button_use_icon=&#8221;off&#8221; custom_padding=&#8221;13px|30px|13px|30px|true|true&#8221; box_shadow_style=&#8221;preset3&#8243; locked=&#8221;off&#8221; global_colors_info=&#8221;{%22gcid-55471430-512e-486b-955c-ddb7c79577ec%22:%91%22button_text_color%22%93}&#8221; button_text_color__hover_enabled=&#8221;off|desktop&#8221; button_text_color__hover=&#8221;#E41D1A&#8221; button_bg_color__hover_enabled=&#8221;on|hover&#8221; button_bg_color__hover=&#8221;#3A3F70&#8243; button_bg_enable_color__hover=&#8221;on&#8221; button_border_color__hover_enabled=&#8221;on|hover&#8221; button_border_color__hover=&#8221;#425d93&#8243; button_letter_spacing__hover_enabled=&#8221;on|hover&#8221; button_letter_spacing__hover=&#8221;2px&#8221;][\/et_pb_button][\/et_pb_column][et_pb_column type=&#8221;1_2&#8243; _builder_version=&#8221;4.16&#8243; global_colors_info=&#8221;{}&#8221;][et_pb_text _builder_version=&#8221;4.25.2&#8243; text_font=&#8221;Mukta Malar|700|||||||&#8221; text_font_size=&#8221;25px&#8221; header_3_font=&#8221;&#8211;et_global_heading_font|700|||||||&#8221; header_3_text_color=&#8221;gcid-heading-color&#8221; header_3_font_size=&#8221;29px&#8221; custom_margin=&#8221;7px||||false|false&#8221; global_colors_info=&#8221;{%22gcid-heading-color%22:%91%22header_3_text_color%22%93}&#8221;]<\/p>\n<h3 data-start=\"176\" data-end=\"211\" class=\"\">TEMA Technologie Marketing AG<\/h3>\n<p>[\/et_pb_text][et_pb_divider color=&#8221;#E41D1A&#8221; divider_weight=&#8221;2px&#8221; _builder_version=&#8221;4.25.2&#8243; global_colors_info=&#8221;{}&#8221;][\/et_pb_divider][\/et_pb_column][\/et_pb_row][et_pb_row column_structure=&#8221;3_5,2_5&#8243; _builder_version=&#8221;4.16&#8243; custom_margin=&#8221;0px|auto||auto||&#8221; custom_padding=&#8221;14px||10px|||&#8221; locked=&#8221;off&#8221; global_colors_info=&#8221;{}&#8221;][et_pb_column type=&#8221;3_5&#8243; _builder_version=&#8221;4.16&#8243; global_colors_info=&#8221;{}&#8221;][et_pb_text _builder_version=&#8221;4.27.4&#8243; text_font_size=&#8221;17px&#8221; hover_enabled=&#8221;0&#8243; global_colors_info=&#8221;{}&#8221; sticky_enabled=&#8221;0&#8243;]<\/p>\n<p data-start=\"212\" data-end=\"922\" class=\"\">Die TEMA AG ist ein international t\u00e4tiges Marketing- und Kommunikationsunternehmen mit Sitz in Aachen, das sich auf technologieorientierte Branchen spezialisiert hat. Mit interdisziplin\u00e4ren Teams aus Kommunikation, IT, Design und Eventmanagement bietet TEMA ganzheitliche L\u00f6sungen von der Markenstrategie bis hin zu immersiven Erlebniswelten. In KATPRO \u00fcbernimmt TEMA zentrale Aufgaben in der Netzwerkkoordination und der Kommunikation zwischen Forschung, Industrie und \u00d6ffentlichkeit. Besonders wertvoll ist die Expertise im Bereich <strong data-start=\"759\" data-end=\"819\">Virtual Reality, Augmented Reality und 3D-Visualisierung<\/strong>, mit der komplexe Szenarien f\u00fcr den Katastrophenschutz simuliert und begreifbar gemacht werden k\u00f6nnen.<\/p>\n<p data-start=\"924\" data-end=\"1076\" class=\"\"><strong data-start=\"924\" data-end=\"961\">Kernkompetenzen f\u00fcr das Netzwerk:<\/strong><br data-start=\"961\" data-end=\"964\" \/>Netzwerkkoordination, VR-\/AR-Entwicklung, 3D-Visualisierung, strategische Kommunikation und Technologiemarketing<\/p>\n<p>[\/et_pb_text][\/et_pb_column][et_pb_column type=&#8221;2_5&#8243; _builder_version=&#8221;4.16&#8243; custom_padding=&#8221;30px|30px|30px|30px|true|false&#8221; box_shadow_style=&#8221;preset1&#8243; global_colors_info=&#8221;{}&#8221;][et_pb_image src=&#8221;https:\/\/katpro.de\/media\/2025\/07\/19.png&#8221; align=&#8221;center&#8221; _builder_version=&#8221;4.27.4&#8243; custom_margin=&#8221;-26px||||false|false&#8221; custom_padding=&#8221;|||15px||&#8221; global_colors_info=&#8221;{}&#8221;][\/et_pb_image][et_pb_blurb url=&#8221;https:\/\/www.tema.de\/&#8221; use_icon=&#8221;on&#8221; font_icon=&#8221;&#xe0e3;||divi||400&#8243; icon_color=&#8221;#3A3F70&#8243; image_icon_background_color=&#8221;RGBA(255,255,255,0)&#8221; icon_placement=&#8221;left&#8221; image_icon_width=&#8221;25px&#8221; _builder_version=&#8221;4.27.4&#8243; header_text_color=&#8221;#3A3F70&#8243; body_font=&#8221;|600|||||||&#8221; body_text_color=&#8221;#3A3F70&#8243; body_font_size=&#8221;19px&#8221; body_link_font=&#8221;|600|||||||&#8221; body_link_text_color=&#8221;#3A3F70&#8243; body_link_font_size=&#8221;18px&#8221; body_link_line_height=&#8221;1.5em&#8221; custom_margin=&#8221;-57px||38px|40px|false|false&#8221; link_option_url=&#8221;https:\/\/www.tema.de\/&#8221; icon_font_size=&#8221;25px&#8221; global_colors_info=&#8221;{}&#8221; body_link_letter_spacing__hover_enabled=&#8221;on|hover&#8221; body_link_letter_spacing__hover=&#8221;2px&#8221;]<\/p>\n<p><a href=\"https:\/\/www.tema.de\/\"><\/a><a href=\"https:\/\/www.tema.de\/\">Website<\/a><a href=\"https:\/\/www.tema.de\/\"> besuchen\u00a0<\/a><\/p>\n<p>[\/et_pb_blurb][\/et_pb_column][\/et_pb_row][et_pb_row _builder_version=&#8221;4.16&#8243; global_colors_info=&#8221;{}&#8221;][et_pb_column type=&#8221;4_4&#8243; _builder_version=&#8221;4.16&#8243; global_colors_info=&#8221;{}&#8221;][\/et_pb_column][\/et_pb_row][\/et_pb_section]<\/p>\n","protected":false},"excerpt":{"rendered":"<p>TEMA Technologie Marketing AGTEMA Technologie Marketing AGDie TEMA AG ist ein international t\u00e4tiges Marketing- und Kommunikationsunternehmen mit Sitz in Aachen, das sich auf technologieorientierte Branchen spezialisiert hat. Mit interdisziplin\u00e4ren Teams aus Kommunikation, IT, Design und Eventmanagement bietet TEMA ganzheitliche L\u00f6sungen von der Markenstrategie bis hin zu immersiven Erlebniswelten. In KATPRO \u00fcbernimmt TEMA zentrale Aufgaben in [&hellip;]<\/p>\n","protected":false},"author":7,"featured_media":0,"parent":0,"menu_order":0,"comment_status":"closed","ping_status":"closed","template":"","meta":{"_et_pb_use_builder":"on","_et_pb_old_content":"","_et_gb_content_width":"","footnotes":""},"dipi_cpt_category":[],"class_list":["post-23945017","page","type-page","status-publish","hentry"],"yoast_head":"<!-- This site is optimized with the Yoast SEO plugin v27.3 - https:\/\/yoast.com\/product\/yoast-seo-wordpress\/ -->\n<title>TEMA - KATPRO<\/title>\n<meta name=\"description\" content=\"Die TEMA AG ist ein Marketing- und Kommunikationsunternehmen, das sich auf technologieorientierte Branchen spezialisiert hat.\" \/>\n<meta name=\"robots\" content=\"index, follow, max-snippet:-1, max-image-preview:large, max-video-preview:-1\" \/>\n<link rel=\"canonical\" href=\"https:\/\/katpro.de\/en\/tema\/\" \/>\n<meta property=\"og:locale\" content=\"en_GB\" \/>\n<meta property=\"og:type\" content=\"article\" \/>\n<meta property=\"og:title\" content=\"TEMA - KATPRO\" \/>\n<meta property=\"og:description\" content=\"Die TEMA AG ist ein Marketing- und Kommunikationsunternehmen, das sich auf technologieorientierte Branchen spezialisiert hat.\" \/>\n<meta property=\"og:url\" content=\"https:\/\/katpro.de\/en\/tema\/\" \/>\n<meta property=\"og:site_name\" content=\"KATPRO\" \/>\n<meta property=\"article:modified_time\" content=\"2025-08-11T10:39:11+00:00\" \/>\n<meta name=\"twitter:card\" content=\"summary_large_image\" \/>\n<meta name=\"twitter:label1\" content=\"Estimated reading time\" \/>\n\t<meta name=\"twitter:data1\" content=\"1 minute\" \/>\n<script type=\"application\/ld+json\" class=\"yoast-schema-graph\">{\"@context\":\"https:\\\/\\\/schema.org\",\"@graph\":[{\"@type\":\"WebPage\",\"@id\":\"https:\\\/\\\/katpro.de\\\/tema\\\/\",\"url\":\"https:\\\/\\\/katpro.de\\\/tema\\\/\",\"name\":\"TEMA - KATPRO\",\"isPartOf\":{\"@id\":\"https:\\\/\\\/katpro.de\\\/#website\"},\"datePublished\":\"2025-04-15T08:53:04+00:00\",\"dateModified\":\"2025-08-11T10:39:11+00:00\",\"description\":\"Die TEMA AG ist ein Marketing- und Kommunikationsunternehmen, das sich auf technologieorientierte Branchen spezialisiert hat.\",\"breadcrumb\":{\"@id\":\"https:\\\/\\\/katpro.de\\\/tema\\\/#breadcrumb\"},\"inLanguage\":\"en-GB\",\"potentialAction\":[{\"@type\":\"ReadAction\",\"target\":[\"https:\\\/\\\/katpro.de\\\/tema\\\/\"]}]},{\"@type\":\"BreadcrumbList\",\"@id\":\"https:\\\/\\\/katpro.de\\\/tema\\\/#breadcrumb\",\"itemListElement\":[{\"@type\":\"ListItem\",\"position\":1,\"name\":\"Startseite\",\"item\":\"https:\\\/\\\/katpro.de\\\/\"},{\"@type\":\"ListItem\",\"position\":2,\"name\":\"TEMA\"}]},{\"@type\":\"WebSite\",\"@id\":\"https:\\\/\\\/katpro.de\\\/#website\",\"url\":\"https:\\\/\\\/katpro.de\\\/\",\"name\":\"KATPRO\",\"description\":\"Innovationen f&uuml;r den Katastrophenschutz\",\"potentialAction\":[{\"@type\":\"SearchAction\",\"target\":{\"@type\":\"EntryPoint\",\"urlTemplate\":\"https:\\\/\\\/katpro.de\\\/?s={search_term_string}\"},\"query-input\":{\"@type\":\"PropertyValueSpecification\",\"valueRequired\":true,\"valueName\":\"search_term_string\"}}],\"inLanguage\":\"en-GB\"}]}<\/script>\n<!-- \/ Yoast SEO plugin. -->","yoast_head_json":{"title":"TEMA - KATPRO","description":"Die TEMA AG ist ein Marketing- und Kommunikationsunternehmen, das sich auf technologieorientierte Branchen spezialisiert hat.","robots":{"index":"index","follow":"follow","max-snippet":"max-snippet:-1","max-image-preview":"max-image-preview:large","max-video-preview":"max-video-preview:-1"},"canonical":"https:\/\/katpro.de\/en\/tema\/","og_locale":"en_GB","og_type":"article","og_title":"TEMA - KATPRO","og_description":"Die TEMA AG ist ein Marketing- und Kommunikationsunternehmen, das sich auf technologieorientierte Branchen spezialisiert hat.","og_url":"https:\/\/katpro.de\/en\/tema\/","og_site_name":"KATPRO","article_modified_time":"2025-08-11T10:39:11+00:00","twitter_card":"summary_large_image","twitter_misc":{"Estimated reading time":"1 minute"},"schema":{"@context":"https:\/\/schema.org","@graph":[{"@type":"WebPage","@id":"https:\/\/katpro.de\/tema\/","url":"https:\/\/katpro.de\/tema\/","name":"TEMA - KATPRO","isPartOf":{"@id":"https:\/\/katpro.de\/#website"},"datePublished":"2025-04-15T08:53:04+00:00","dateModified":"2025-08-11T10:39:11+00:00","description":"Die TEMA AG ist ein Marketing- und Kommunikationsunternehmen, das sich auf technologieorientierte Branchen spezialisiert hat.","breadcrumb":{"@id":"https:\/\/katpro.de\/tema\/#breadcrumb"},"inLanguage":"en-GB","potentialAction":[{"@type":"ReadAction","target":["https:\/\/katpro.de\/tema\/"]}]},{"@type":"BreadcrumbList","@id":"https:\/\/katpro.de\/tema\/#breadcrumb","itemListElement":[{"@type":"ListItem","position":1,"name":"Startseite","item":"https:\/\/katpro.de\/"},{"@type":"ListItem","position":2,"name":"TEMA"}]},{"@type":"WebSite","@id":"https:\/\/katpro.de\/#website","url":"https:\/\/katpro.de\/","name":"KATPRO","description":"Innovationen f&uuml;r den Katastrophenschutz","potentialAction":[{"@type":"SearchAction","target":{"@type":"EntryPoint","urlTemplate":"https:\/\/katpro.de\/?s={search_term_string}"},"query-input":{"@type":"PropertyValueSpecification","valueRequired":true,"valueName":"search_term_string"}}],"inLanguage":"en-GB"}]}},"_links":{"self":[{"href":"https:\/\/katpro.de\/en\/wp-json\/wp\/v2\/pages\/23945017","targetHints":{"allow":["GET"]}}],"collection":[{"href":"https:\/\/katpro.de\/en\/wp-json\/wp\/v2\/pages"}],"about":[{"href":"https:\/\/katpro.de\/en\/wp-json\/wp\/v2\/types\/page"}],"author":[{"embeddable":true,"href":"https:\/\/katpro.de\/en\/wp-json\/wp\/v2\/users\/7"}],"replies":[{"embeddable":true,"href":"https:\/\/katpro.de\/en\/wp-json\/wp\/v2\/comments?post=23945017"}],"version-history":[{"count":0,"href":"https:\/\/katpro.de\/en\/wp-json\/wp\/v2\/pages\/23945017\/revisions"}],"wp:attachment":[{"href":"https:\/\/katpro.de\/en\/wp-json\/wp\/v2\/media?parent=23945017"}],"wp:term":[{"taxonomy":"dipi_cpt_category","embeddable":true,"href":"https:\/\/katpro.de\/en\/wp-json\/wp\/v2\/dipi_cpt_category?post=23945017"}],"curies":[{"name":"wp","href":"https:\/\/api.w.org\/{rel}","templated":true}]}}