{"id":23945158,"date":"2025-04-17T06:35:58","date_gmt":"2025-04-17T06:35:58","guid":{"rendered":"https:\/\/katpro.de\/?page_id=23945158"},"modified":"2025-08-11T10:36:47","modified_gmt":"2025-08-11T10:36:47","slug":"aachener-institut-fuer-rettungsmedizin-und-zivile-sicherheit","status":"publish","type":"page","link":"https:\/\/katpro.de\/en\/aachener-institut-fuer-rettungsmedizin-und-zivile-sicherheit\/","title":{"rendered":"Aachen Institute for Emergency Medicine and Civil Security"},"content":{"rendered":"<p>[et_pb_section fb_built=&#8221;1&#8243; _builder_version=&#8221;4.16&#8243; global_colors_info=&#8221;{}&#8221;][et_pb_row column_structure=&#8221;1_2,1_2&#8243; disabled_on=&#8221;on|on|off&#8221; _builder_version=&#8221;4.27.4&#8243; global_colors_info=&#8221;{}&#8221;][et_pb_column type=&#8221;1_2&#8243; _builder_version=&#8221;4.16&#8243; global_colors_info=&#8221;{}&#8221;][et_pb_text _builder_version=&#8221;4.25.2&#8243; text_font=&#8221;Mukta Malar|700|||||||&#8221; text_font_size=&#8221;25px&#8221; header_3_font=&#8221;&#8211;et_global_heading_font|700|||||||&#8221; header_3_text_color=&#8221;gcid-heading-color&#8221; header_3_font_size=&#8221;29px&#8221; custom_margin=&#8221;7px||||false|false&#8221; global_colors_info=&#8221;{%22gcid-heading-color%22:%91%22header_3_text_color%22%93}&#8221;]<\/p>\n<h3 data-start=\"167\" data-end=\"198\" class=\"\">Aachener Institut f\u00fcr Rettungsmedizin und zivile Sicherheit<\/h3>\n<p data-start=\"199\" data-end=\"858\" class=\"\">\n<p>[\/et_pb_text][et_pb_divider color=&#8221;#E41D1A&#8221; divider_weight=&#8221;2px&#8221; _builder_version=&#8221;4.25.2&#8243; global_colors_info=&#8221;{}&#8221;][\/et_pb_divider][\/et_pb_column][et_pb_column type=&#8221;1_2&#8243; _builder_version=&#8221;4.16&#8243; global_colors_info=&#8221;{}&#8221;][et_pb_button button_url=&#8221;https:\/\/katpro.de\/#mitglieder&#8221; button_text=&#8221;ZUR\u00dcCK&#8221; button_alignment=&#8221;right&#8221; _builder_version=&#8221;4.27.4&#8243; custom_button=&#8221;on&#8221; button_text_size=&#8221;14px&#8221; button_text_color=&#8221;#FFFFFF&#8221; button_border_width=&#8221;0px&#8221; button_border_color=&#8221;#2eabc1&#8243; button_border_radius=&#8221;10px&#8221; button_letter_spacing=&#8221;0px&#8221; button_font=&#8221;|600||on|||||&#8221; button_use_icon=&#8221;off&#8221; custom_padding=&#8221;13px|30px|13px|30px|true|true&#8221; box_shadow_style=&#8221;preset3&#8243; locked=&#8221;off&#8221; global_colors_info=&#8221;{%22gcid-55471430-512e-486b-955c-ddb7c79577ec%22:%91%22button_text_color%22%93}&#8221; button_text_color__hover_enabled=&#8221;off|desktop&#8221; button_text_color__hover=&#8221;#E41D1A&#8221; button_bg_color__hover_enabled=&#8221;on|hover&#8221; button_bg_color__hover=&#8221;#3A3F70&#8243; button_bg_enable_color__hover=&#8221;on&#8221; button_border_color__hover_enabled=&#8221;on|hover&#8221; button_border_color__hover=&#8221;#425d93&#8243; button_letter_spacing__hover_enabled=&#8221;on|hover&#8221; button_letter_spacing__hover=&#8221;2px&#8221;][\/et_pb_button][\/et_pb_column][\/et_pb_row][et_pb_row column_structure=&#8221;1_2,1_2&#8243; disabled_on=&#8221;off|off|on&#8221; _builder_version=&#8221;4.27.4&#8243; global_colors_info=&#8221;{}&#8221;][et_pb_column type=&#8221;1_2&#8243; _builder_version=&#8221;4.16&#8243; global_colors_info=&#8221;{}&#8221;][et_pb_button button_url=&#8221;https:\/\/katpro.de\/#mitglieder&#8221; button_text=&#8221;ZUR\u00dcCK&#8221; button_alignment=&#8221;right&#8221; _builder_version=&#8221;4.27.4&#8243; custom_button=&#8221;on&#8221; button_text_size=&#8221;14px&#8221; button_text_color=&#8221;#FFFFFF&#8221; button_border_width=&#8221;0px&#8221; button_border_color=&#8221;#2eabc1&#8243; button_border_radius=&#8221;10px&#8221; button_letter_spacing=&#8221;0px&#8221; button_font=&#8221;|600||on|||||&#8221; button_use_icon=&#8221;off&#8221; custom_padding=&#8221;13px|30px|13px|30px|true|true&#8221; box_shadow_style=&#8221;preset3&#8243; locked=&#8221;off&#8221; global_colors_info=&#8221;{%22gcid-55471430-512e-486b-955c-ddb7c79577ec%22:%91%22button_text_color%22%93}&#8221; button_text_color__hover_enabled=&#8221;off|desktop&#8221; button_text_color__hover=&#8221;#E41D1A&#8221; button_bg_color__hover_enabled=&#8221;on|hover&#8221; button_bg_color__hover=&#8221;#3A3F70&#8243; button_bg_enable_color__hover=&#8221;on&#8221; button_border_color__hover_enabled=&#8221;on|hover&#8221; button_border_color__hover=&#8221;#425d93&#8243; button_letter_spacing__hover_enabled=&#8221;on|hover&#8221; button_letter_spacing__hover=&#8221;2px&#8221;][\/et_pb_button][\/et_pb_column][et_pb_column type=&#8221;1_2&#8243; _builder_version=&#8221;4.16&#8243; global_colors_info=&#8221;{}&#8221;][et_pb_text _builder_version=&#8221;4.25.2&#8243; text_font=&#8221;Mukta Malar|700|||||||&#8221; text_font_size=&#8221;25px&#8221; header_3_font=&#8221;&#8211;et_global_heading_font|700|||||||&#8221; header_3_text_color=&#8221;gcid-heading-color&#8221; header_3_font_size=&#8221;29px&#8221; custom_margin=&#8221;7px||||false|false&#8221; global_colors_info=&#8221;{%22gcid-heading-color%22:%91%22header_3_text_color%22%93}&#8221;]<\/p>\n<h3 data-start=\"167\" data-end=\"198\" class=\"\">Aachener Institut f\u00fcr Rettungsmedizin und zivile Sicherheit<\/h3>\n<p data-start=\"199\" data-end=\"858\" class=\"\">\n<p>[\/et_pb_text][et_pb_divider color=&#8221;#E41D1A&#8221; divider_weight=&#8221;2px&#8221; _builder_version=&#8221;4.25.2&#8243; global_colors_info=&#8221;{}&#8221;][\/et_pb_divider][\/et_pb_column][\/et_pb_row][et_pb_row column_structure=&#8221;3_5,2_5&#8243; _builder_version=&#8221;4.16&#8243; custom_margin=&#8221;0px|auto||auto||&#8221; custom_padding=&#8221;4px||10px|||&#8221; locked=&#8221;off&#8221; global_colors_info=&#8221;{}&#8221;][et_pb_column type=&#8221;3_5&#8243; _builder_version=&#8221;4.16&#8243; global_colors_info=&#8221;{}&#8221;][et_pb_text _builder_version=&#8221;4.27.4&#8243; text_font_size=&#8221;17px&#8221; hover_enabled=&#8221;0&#8243; global_colors_info=&#8221;{}&#8221; sticky_enabled=&#8221;0&#8243;]<\/p>\n<p data-start=\"245\" data-end=\"920\" class=\"\">Das Aachener Institut f\u00fcr Rettungsmedizin und zivile Sicherheit (ARS) ist eine zentrale Einrichtung der Stadt Aachen und befasst sich mit Forschung, Lehre und Praxis im Bereich pr\u00e4klinische Notfallmedizin, Katastrophenschutz und zivile Gefahrenabwehr. Das ARS versteht sich als Br\u00fccke zwischen Wissenschaft, Ausbildung und Einsatzpraxis. Im Rahmen von KATPRO bringt das Institut seine umfassende Erfahrung in der Entwicklung neuer Versorgungskonzepte, realit\u00e4tsnaher Ausbildungsszenarien und der Integration digitaler Technologien in rettungsdienstliche Abl\u00e4ufe ein. Zudem begleitet das ARS die Evaluation und Erprobung neuer Systeme in realen Einsatzumgebungen.<\/p>\n<p data-start=\"922\" data-end=\"1079\" class=\"\"><strong data-start=\"922\" data-end=\"959\">Kernkompetenzen f\u00fcr das Netzwerk:<\/strong><br data-start=\"959\" data-end=\"962\" \/>Praxisnahe Notfallmedizin, Simulation &amp; Ausbildung, Evaluation von Assistenzsystemen, Forschung im Bev\u00f6lkerungsschutz<\/p>\n<p>[\/et_pb_text][\/et_pb_column][et_pb_column type=&#8221;2_5&#8243; _builder_version=&#8221;4.16&#8243; custom_padding=&#8221;30px|30px|30px|30px|true|false&#8221; box_shadow_style=&#8221;preset1&#8243; global_colors_info=&#8221;{}&#8221;][et_pb_image src=&#8221;https:\/\/katpro.de\/media\/2025\/07\/13.png&#8221; _builder_version=&#8221;4.27.4&#8243; custom_margin=&#8221;-27px||||false|false&#8221; global_colors_info=&#8221;{}&#8221;][\/et_pb_image][et_pb_blurb url=&#8221;https:\/\/www.ukaachen.de\/kliniken-institute\/institut-fuer-rettungsmedizin\/ueber-uns\/&#8221; use_icon=&#8221;on&#8221; font_icon=&#8221;&#xe0e3;||divi||400&#8243; icon_color=&#8221;#3A3F70&#8243; image_icon_background_color=&#8221;RGBA(255,255,255,0)&#8221; icon_placement=&#8221;left&#8221; image_icon_width=&#8221;25px&#8221; _builder_version=&#8221;4.27.4&#8243; header_text_color=&#8221;#3A3F70&#8243; body_font=&#8221;|600|||||||&#8221; body_text_color=&#8221;#3A3F70&#8243; body_font_size=&#8221;19px&#8221; body_link_font=&#8221;|600|||||||&#8221; body_link_text_color=&#8221;#3A3F70&#8243; body_link_font_size=&#8221;18px&#8221; body_link_line_height=&#8221;1.5em&#8221; custom_margin=&#8221;-82px||52px|40px|false|false&#8221; link_option_url=&#8221;https:\/\/www.ukaachen.de\/kliniken-institute\/institut-fuer-rettungsmedizin\/ueber-uns\/&#8221; icon_font_size=&#8221;25px&#8221; locked=&#8221;off&#8221; global_colors_info=&#8221;{}&#8221; body_link_letter_spacing__hover_enabled=&#8221;on|hover&#8221; body_link_letter_spacing__hover=&#8221;2px&#8221;]<\/p>\n<p><a href=\"https:\/\/www.ukaachen.de\/kliniken-institute\/institut-fuer-rettungsmedizin\/ueber-uns\/\">Website besuchen<\/a><\/p>\n<p>[\/et_pb_blurb][\/et_pb_column][\/et_pb_row][et_pb_row _builder_version=&#8221;4.16&#8243; global_colors_info=&#8221;{}&#8221;][et_pb_column type=&#8221;4_4&#8243; _builder_version=&#8221;4.16&#8243; global_colors_info=&#8221;{}&#8221;][\/et_pb_column][\/et_pb_row][\/et_pb_section]<\/p>\n","protected":false},"excerpt":{"rendered":"<p>Aachener Institut f\u00fcr Rettungsmedizin und zivile Sicherheit Aachener Institut f\u00fcr Rettungsmedizin und zivile Sicherheit Das Aachener Institut f\u00fcr Rettungsmedizin und zivile Sicherheit (ARS) ist eine zentrale Einrichtung der Stadt Aachen und befasst sich mit Forschung, Lehre und Praxis im Bereich pr\u00e4klinische Notfallmedizin, Katastrophenschutz und zivile Gefahrenabwehr. Das ARS versteht sich als Br\u00fccke zwischen Wissenschaft, Ausbildung [&hellip;]<\/p>\n","protected":false},"author":7,"featured_media":0,"parent":0,"menu_order":0,"comment_status":"closed","ping_status":"closed","template":"","meta":{"_et_pb_use_builder":"on","_et_pb_old_content":"","_et_gb_content_width":"","footnotes":""},"dipi_cpt_category":[],"class_list":["post-23945158","page","type-page","status-publish","hentry"],"yoast_head":"<!-- This site is optimized with the Yoast SEO plugin v27.3 - https:\/\/yoast.com\/product\/yoast-seo-wordpress\/ -->\n<title>Aachener Institut f\u00fcr Rettungsmedizin und zivile Sicherheit - KATPRO<\/title>\n<meta name=\"description\" content=\"Das ARS befasst sich mit Forschung, Lehre und Praxis im Bereich pr\u00e4klinische Notfallmedizin, Katastrophenschutz und zivile Gefahrenabwehr.\" \/>\n<meta name=\"robots\" content=\"index, follow, max-snippet:-1, max-image-preview:large, max-video-preview:-1\" \/>\n<link rel=\"canonical\" href=\"https:\/\/katpro.de\/en\/aachener-institut-fuer-rettungsmedizin-und-zivile-sicherheit\/\" \/>\n<meta property=\"og:locale\" content=\"en_GB\" \/>\n<meta property=\"og:type\" content=\"article\" \/>\n<meta property=\"og:title\" content=\"Aachener Institut f\u00fcr Rettungsmedizin und zivile Sicherheit - KATPRO\" \/>\n<meta property=\"og:description\" content=\"Das ARS befasst sich mit Forschung, Lehre und Praxis im Bereich pr\u00e4klinische Notfallmedizin, Katastrophenschutz und zivile Gefahrenabwehr.\" \/>\n<meta property=\"og:url\" content=\"https:\/\/katpro.de\/en\/aachener-institut-fuer-rettungsmedizin-und-zivile-sicherheit\/\" \/>\n<meta property=\"og:site_name\" content=\"KATPRO\" \/>\n<meta property=\"article:modified_time\" content=\"2025-08-11T10:36:47+00:00\" \/>\n<meta name=\"twitter:card\" content=\"summary_large_image\" \/>\n<meta name=\"twitter:label1\" content=\"Estimated reading time\" \/>\n\t<meta name=\"twitter:data1\" content=\"1 minute\" \/>\n<script type=\"application\/ld+json\" class=\"yoast-schema-graph\">{\"@context\":\"https:\\\/\\\/schema.org\",\"@graph\":[{\"@type\":\"WebPage\",\"@id\":\"https:\\\/\\\/katpro.de\\\/aachener-institut-fuer-rettungsmedizin-und-zivile-sicherheit\\\/\",\"url\":\"https:\\\/\\\/katpro.de\\\/aachener-institut-fuer-rettungsmedizin-und-zivile-sicherheit\\\/\",\"name\":\"Aachener Institut f\u00fcr Rettungsmedizin und zivile Sicherheit - KATPRO\",\"isPartOf\":{\"@id\":\"https:\\\/\\\/katpro.de\\\/#website\"},\"datePublished\":\"2025-04-17T06:35:58+00:00\",\"dateModified\":\"2025-08-11T10:36:47+00:00\",\"description\":\"Das ARS befasst sich mit Forschung, Lehre und Praxis im Bereich pr\u00e4klinische Notfallmedizin, Katastrophenschutz und zivile Gefahrenabwehr.\",\"breadcrumb\":{\"@id\":\"https:\\\/\\\/katpro.de\\\/aachener-institut-fuer-rettungsmedizin-und-zivile-sicherheit\\\/#breadcrumb\"},\"inLanguage\":\"en-GB\",\"potentialAction\":[{\"@type\":\"ReadAction\",\"target\":[\"https:\\\/\\\/katpro.de\\\/aachener-institut-fuer-rettungsmedizin-und-zivile-sicherheit\\\/\"]}]},{\"@type\":\"BreadcrumbList\",\"@id\":\"https:\\\/\\\/katpro.de\\\/aachener-institut-fuer-rettungsmedizin-und-zivile-sicherheit\\\/#breadcrumb\",\"itemListElement\":[{\"@type\":\"ListItem\",\"position\":1,\"name\":\"Startseite\",\"item\":\"https:\\\/\\\/katpro.de\\\/\"},{\"@type\":\"ListItem\",\"position\":2,\"name\":\"Aachener Institut f\u00fcr Rettungsmedizin und zivile Sicherheit\"}]},{\"@type\":\"WebSite\",\"@id\":\"https:\\\/\\\/katpro.de\\\/#website\",\"url\":\"https:\\\/\\\/katpro.de\\\/\",\"name\":\"KATPRO\",\"description\":\"Innovationen f&uuml;r den Katastrophenschutz\",\"potentialAction\":[{\"@type\":\"SearchAction\",\"target\":{\"@type\":\"EntryPoint\",\"urlTemplate\":\"https:\\\/\\\/katpro.de\\\/?s={search_term_string}\"},\"query-input\":{\"@type\":\"PropertyValueSpecification\",\"valueRequired\":true,\"valueName\":\"search_term_string\"}}],\"inLanguage\":\"en-GB\"}]}<\/script>\n<!-- \/ Yoast SEO plugin. -->","yoast_head_json":{"title":"Aachener Institut f\u00fcr Rettungsmedizin und zivile Sicherheit - KATPRO","description":"Das ARS befasst sich mit Forschung, Lehre und Praxis im Bereich pr\u00e4klinische Notfallmedizin, Katastrophenschutz und zivile Gefahrenabwehr.","robots":{"index":"index","follow":"follow","max-snippet":"max-snippet:-1","max-image-preview":"max-image-preview:large","max-video-preview":"max-video-preview:-1"},"canonical":"https:\/\/katpro.de\/en\/aachener-institut-fuer-rettungsmedizin-und-zivile-sicherheit\/","og_locale":"en_GB","og_type":"article","og_title":"Aachener Institut f\u00fcr Rettungsmedizin und zivile Sicherheit - KATPRO","og_description":"Das ARS befasst sich mit Forschung, Lehre und Praxis im Bereich pr\u00e4klinische Notfallmedizin, Katastrophenschutz und zivile Gefahrenabwehr.","og_url":"https:\/\/katpro.de\/en\/aachener-institut-fuer-rettungsmedizin-und-zivile-sicherheit\/","og_site_name":"KATPRO","article_modified_time":"2025-08-11T10:36:47+00:00","twitter_card":"summary_large_image","twitter_misc":{"Estimated reading time":"1 minute"},"schema":{"@context":"https:\/\/schema.org","@graph":[{"@type":"WebPage","@id":"https:\/\/katpro.de\/aachener-institut-fuer-rettungsmedizin-und-zivile-sicherheit\/","url":"https:\/\/katpro.de\/aachener-institut-fuer-rettungsmedizin-und-zivile-sicherheit\/","name":"Aachener Institut f\u00fcr Rettungsmedizin und zivile Sicherheit - KATPRO","isPartOf":{"@id":"https:\/\/katpro.de\/#website"},"datePublished":"2025-04-17T06:35:58+00:00","dateModified":"2025-08-11T10:36:47+00:00","description":"Das ARS befasst sich mit Forschung, Lehre und Praxis im Bereich pr\u00e4klinische Notfallmedizin, Katastrophenschutz und zivile Gefahrenabwehr.","breadcrumb":{"@id":"https:\/\/katpro.de\/aachener-institut-fuer-rettungsmedizin-und-zivile-sicherheit\/#breadcrumb"},"inLanguage":"en-GB","potentialAction":[{"@type":"ReadAction","target":["https:\/\/katpro.de\/aachener-institut-fuer-rettungsmedizin-und-zivile-sicherheit\/"]}]},{"@type":"BreadcrumbList","@id":"https:\/\/katpro.de\/aachener-institut-fuer-rettungsmedizin-und-zivile-sicherheit\/#breadcrumb","itemListElement":[{"@type":"ListItem","position":1,"name":"Startseite","item":"https:\/\/katpro.de\/"},{"@type":"ListItem","position":2,"name":"Aachener Institut f\u00fcr Rettungsmedizin und zivile Sicherheit"}]},{"@type":"WebSite","@id":"https:\/\/katpro.de\/#website","url":"https:\/\/katpro.de\/","name":"KATPRO","description":"Innovationen f&uuml;r den Katastrophenschutz","potentialAction":[{"@type":"SearchAction","target":{"@type":"EntryPoint","urlTemplate":"https:\/\/katpro.de\/?s={search_term_string}"},"query-input":{"@type":"PropertyValueSpecification","valueRequired":true,"valueName":"search_term_string"}}],"inLanguage":"en-GB"}]}},"_links":{"self":[{"href":"https:\/\/katpro.de\/en\/wp-json\/wp\/v2\/pages\/23945158","targetHints":{"allow":["GET"]}}],"collection":[{"href":"https:\/\/katpro.de\/en\/wp-json\/wp\/v2\/pages"}],"about":[{"href":"https:\/\/katpro.de\/en\/wp-json\/wp\/v2\/types\/page"}],"author":[{"embeddable":true,"href":"https:\/\/katpro.de\/en\/wp-json\/wp\/v2\/users\/7"}],"replies":[{"embeddable":true,"href":"https:\/\/katpro.de\/en\/wp-json\/wp\/v2\/comments?post=23945158"}],"version-history":[{"count":0,"href":"https:\/\/katpro.de\/en\/wp-json\/wp\/v2\/pages\/23945158\/revisions"}],"wp:attachment":[{"href":"https:\/\/katpro.de\/en\/wp-json\/wp\/v2\/media?parent=23945158"}],"wp:term":[{"taxonomy":"dipi_cpt_category","embeddable":true,"href":"https:\/\/katpro.de\/en\/wp-json\/wp\/v2\/dipi_cpt_category?post=23945158"}],"curies":[{"name":"wp","href":"https:\/\/api.w.org\/{rel}","templated":true}]}}