{"id":23945187,"date":"2025-04-17T07:24:23","date_gmt":"2025-04-17T07:24:23","guid":{"rendered":"https:\/\/katpro.de\/?page_id=23945187"},"modified":"2025-08-11T10:31:14","modified_gmt":"2025-08-11T10:31:14","slug":"auxsys-gmbh","status":"publish","type":"page","link":"https:\/\/katpro.de\/en\/auxsys-gmbh\/","title":{"rendered":"Auxsys GmbH"},"content":{"rendered":"<p>[et_pb_section fb_built=&#8221;1&#8243; _builder_version=&#8221;4.16&#8243; global_colors_info=&#8221;{}&#8221;][et_pb_row column_structure=&#8221;1_2,1_2&#8243; disabled_on=&#8221;on|on|off&#8221; _builder_version=&#8221;4.27.4&#8243; global_colors_info=&#8221;{}&#8221;][et_pb_column type=&#8221;1_2&#8243; _builder_version=&#8221;4.16&#8243; global_colors_info=&#8221;{}&#8221;][et_pb_text _builder_version=&#8221;4.25.2&#8243; text_font=&#8221;Mukta Malar|700|||||||&#8221; text_font_size=&#8221;25px&#8221; header_3_font=&#8221;&#8211;et_global_heading_font|700|||||||&#8221; header_3_text_color=&#8221;gcid-heading-color&#8221; header_3_font_size=&#8221;29px&#8221; custom_margin=&#8221;7px||||false|false&#8221; global_colors_info=&#8221;{%22gcid-heading-color%22:%91%22header_3_text_color%22%93}&#8221;]<\/p>\n<h3>Auxsys GmbH<\/h3>\n<p>[\/et_pb_text][et_pb_divider color=&#8221;#E41D1A&#8221; divider_weight=&#8221;2px&#8221; _builder_version=&#8221;4.25.2&#8243; global_colors_info=&#8221;{}&#8221;][\/et_pb_divider][\/et_pb_column][et_pb_column type=&#8221;1_2&#8243; _builder_version=&#8221;4.16&#8243; global_colors_info=&#8221;{}&#8221;][et_pb_button button_url=&#8221;https:\/\/katpro.de\/#mitglieder&#8221; button_text=&#8221;ZUR\u00dcCK&#8221; button_alignment=&#8221;right&#8221; _builder_version=&#8221;4.27.4&#8243; custom_button=&#8221;on&#8221; button_text_size=&#8221;14px&#8221; button_text_color=&#8221;#FFFFFF&#8221; button_border_width=&#8221;0px&#8221; button_border_color=&#8221;#2eabc1&#8243; button_border_radius=&#8221;10px&#8221; button_letter_spacing=&#8221;0px&#8221; button_font=&#8221;|600||on|||||&#8221; button_use_icon=&#8221;off&#8221; custom_padding=&#8221;13px|30px|13px|30px|true|true&#8221; box_shadow_style=&#8221;preset3&#8243; locked=&#8221;off&#8221; global_colors_info=&#8221;{%22gcid-55471430-512e-486b-955c-ddb7c79577ec%22:%91%22button_text_color%22%93}&#8221; button_text_color__hover_enabled=&#8221;off|desktop&#8221; button_text_color__hover=&#8221;#E41D1A&#8221; button_bg_color__hover_enabled=&#8221;on|hover&#8221; button_bg_color__hover=&#8221;#3A3F70&#8243; button_bg_enable_color__hover=&#8221;on&#8221; button_border_color__hover_enabled=&#8221;on|hover&#8221; button_border_color__hover=&#8221;#425d93&#8243; button_letter_spacing__hover_enabled=&#8221;on|hover&#8221; button_letter_spacing__hover=&#8221;2px&#8221;][\/et_pb_button][\/et_pb_column][\/et_pb_row][et_pb_row column_structure=&#8221;1_2,1_2&#8243; disabled_on=&#8221;off|off|on&#8221; _builder_version=&#8221;4.27.4&#8243; global_colors_info=&#8221;{}&#8221;][et_pb_column type=&#8221;1_2&#8243; _builder_version=&#8221;4.16&#8243; global_colors_info=&#8221;{}&#8221;][et_pb_button button_url=&#8221;https:\/\/katpro.de\/#mitglieder&#8221; button_text=&#8221;ZUR\u00dcCK&#8221; button_alignment=&#8221;right&#8221; _builder_version=&#8221;4.27.4&#8243; custom_button=&#8221;on&#8221; button_text_size=&#8221;14px&#8221; button_text_color=&#8221;#FFFFFF&#8221; button_border_width=&#8221;0px&#8221; button_border_color=&#8221;#2eabc1&#8243; button_border_radius=&#8221;10px&#8221; button_letter_spacing=&#8221;0px&#8221; button_font=&#8221;|600||on|||||&#8221; button_use_icon=&#8221;off&#8221; custom_padding=&#8221;13px|30px|13px|30px|true|true&#8221; box_shadow_style=&#8221;preset3&#8243; locked=&#8221;off&#8221; global_colors_info=&#8221;{%22gcid-55471430-512e-486b-955c-ddb7c79577ec%22:%91%22button_text_color%22%93}&#8221; button_text_color__hover_enabled=&#8221;off|desktop&#8221; button_text_color__hover=&#8221;#E41D1A&#8221; button_bg_color__hover_enabled=&#8221;on|hover&#8221; button_bg_color__hover=&#8221;#3A3F70&#8243; button_bg_enable_color__hover=&#8221;on&#8221; button_border_color__hover_enabled=&#8221;on|hover&#8221; button_border_color__hover=&#8221;#425d93&#8243; button_letter_spacing__hover_enabled=&#8221;on|hover&#8221; button_letter_spacing__hover=&#8221;2px&#8221;][\/et_pb_button][\/et_pb_column][et_pb_column type=&#8221;1_2&#8243; _builder_version=&#8221;4.16&#8243; global_colors_info=&#8221;{}&#8221;][et_pb_text _builder_version=&#8221;4.25.2&#8243; text_font=&#8221;Mukta Malar|700|||||||&#8221; text_font_size=&#8221;25px&#8221; header_3_font=&#8221;&#8211;et_global_heading_font|700|||||||&#8221; header_3_text_color=&#8221;gcid-heading-color&#8221; header_3_font_size=&#8221;29px&#8221; custom_margin=&#8221;7px||||false|false&#8221; global_colors_info=&#8221;{%22gcid-heading-color%22:%91%22header_3_text_color%22%93}&#8221;]<\/p>\n<h3>Auxsys GmbH<\/h3>\n<p>[\/et_pb_text][et_pb_divider color=&#8221;#E41D1A&#8221; divider_weight=&#8221;2px&#8221; _builder_version=&#8221;4.25.2&#8243; global_colors_info=&#8221;{}&#8221;][\/et_pb_divider][\/et_pb_column][\/et_pb_row][et_pb_row column_structure=&#8221;3_5,2_5&#8243; _builder_version=&#8221;4.16&#8243; custom_margin=&#8221;0px|auto||auto||&#8221; custom_padding=&#8221;4px||10px|||&#8221; locked=&#8221;off&#8221; global_colors_info=&#8221;{}&#8221;][et_pb_column type=&#8221;3_5&#8243; _builder_version=&#8221;4.16&#8243; global_colors_info=&#8221;{}&#8221;][et_pb_text _builder_version=&#8221;4.27.4&#8243; text_font_size=&#8221;17px&#8221; hover_enabled=&#8221;0&#8243; global_colors_info=&#8221;{}&#8221; sticky_enabled=&#8221;0&#8243;]<\/p>\n<p data-start=\"173\" data-end=\"627\" class=\"\">Die Auxsys GmbH ist ein innovatives Start-up aus Aachen, das sich auf die Entwicklung und Vermarktung aktiver Exoskelette f\u00fcr den professionellen Einsatz spezialisiert hat. Die Systeme kommen u.\u202fa. im Rettungsdienst, der Feuerwehr, im CBRN-Schutz sowie in der Kampfmittelr\u00e4umung zum Einsatz. Die Exoskelette sind so konzipiert, dass sie auch unter Schutzkleidung getragen werden k\u00f6nnen \u2013 bei gleichzeitig hoher Beweglichkeit und Tragkomfort.<\/p>\n<p data-start=\"629\" data-end=\"1097\" class=\"\">Dank ihrer leichten Titanstruktur, einem leistungsstarken Antrieb und einer Akkulaufzeit von \u00fcber acht Stunden eignen sich die Systeme besonders f\u00fcr dynamische und k\u00f6rperlich anspruchsvolle Eins\u00e4tze. Entwickelt werden sie nach den Sicherheitsstandards der ISO 13482 f\u00fcr robotische Assistenzsysteme. In KATPRO bringt Auxsys diese Expertise ein, um die k\u00f6rperliche Belastung von Einsatzkr\u00e4ften zu reduzieren und deren Einsatzf\u00e4higkeit unter Extrembedingungen zu erh\u00f6hen.<\/p>\n<p data-start=\"1099\" data-end=\"1316\" class=\"\"><strong data-start=\"1099\" data-end=\"1136\">Kernkompetenzen f\u00fcr das Netzwerk:<\/strong><br data-start=\"1136\" data-end=\"1139\" \/>Aktive Exoskelette, robotische Assistenzsysteme, Leichtbau, Entlastung k\u00f6rperlicher Belastung in sicherheitskritischen Einsatzfeldern<\/p>\n<p>[\/et_pb_text][\/et_pb_column][et_pb_column type=&#8221;2_5&#8243; _builder_version=&#8221;4.16&#8243; custom_padding=&#8221;30px|30px|30px|30px|true|false&#8221; box_shadow_style=&#8221;preset1&#8243; global_colors_info=&#8221;{}&#8221;][et_pb_image src=&#8221;https:\/\/katpro.de\/media\/2025\/07\/4.png&#8221; _builder_version=&#8221;4.27.4&#8243; custom_margin=&#8221;-26px||||false|false&#8221; global_colors_info=&#8221;{}&#8221;][\/et_pb_image][et_pb_blurb url=&#8221;https:\/\/www.auxsys.com\/&#8221; use_icon=&#8221;on&#8221; font_icon=&#8221;&#xe0e3;||divi||400&#8243; icon_color=&#8221;#3A3F70&#8243; icon_placement=&#8221;left&#8221; image_icon_width=&#8221;25px&#8221; _builder_version=&#8221;4.27.4&#8243; body_font=&#8221;|600|||||||&#8221; body_font_size=&#8221;19px&#8221; body_link_font=&#8221;|600|||||||&#8221; body_link_text_color=&#8221;#3A3F70&#8243; body_link_font_size=&#8221;18px&#8221; body_link_line_height=&#8221;1.5em&#8221; custom_margin=&#8221;-90px||68px|40px|false|false&#8221; link_option_url=&#8221;https:\/\/www.auxsys.com\/&#8221; icon_font_size=&#8221;25px&#8221; global_colors_info=&#8221;{}&#8221; body_link_letter_spacing__hover_enabled=&#8221;on|hover&#8221; body_link_letter_spacing__hover=&#8221;2px&#8221;]<\/p>\n<p><a href=\"https:\/\/www.auxsys.com\/\">Website besuchen<\/a><\/p>\n<p>[\/et_pb_blurb][\/et_pb_column][\/et_pb_row][et_pb_row _builder_version=&#8221;4.16&#8243; global_colors_info=&#8221;{}&#8221;][et_pb_column type=&#8221;4_4&#8243; _builder_version=&#8221;4.16&#8243; global_colors_info=&#8221;{}&#8221;][\/et_pb_column][\/et_pb_row][\/et_pb_section]<\/p>\n","protected":false},"excerpt":{"rendered":"<p>Auxsys GmbHAuxsys GmbHDie Auxsys GmbH ist ein innovatives Start-up aus Aachen, das sich auf die Entwicklung und Vermarktung aktiver Exoskelette f\u00fcr den professionellen Einsatz spezialisiert hat. Die Systeme kommen u.\u202fa. im Rettungsdienst, der Feuerwehr, im CBRN-Schutz sowie in der Kampfmittelr\u00e4umung zum Einsatz. Die Exoskelette sind so konzipiert, dass sie auch unter Schutzkleidung getragen werden k\u00f6nnen [&hellip;]<\/p>\n","protected":false},"author":7,"featured_media":0,"parent":0,"menu_order":0,"comment_status":"closed","ping_status":"closed","template":"","meta":{"_et_pb_use_builder":"on","_et_pb_old_content":"","_et_gb_content_width":"","footnotes":""},"dipi_cpt_category":[],"class_list":["post-23945187","page","type-page","status-publish","hentry"],"yoast_head":"<!-- This site is optimized with the Yoast SEO plugin v27.3 - https:\/\/yoast.com\/product\/yoast-seo-wordpress\/ -->\n<title>Auxsys GmbH - KATPRO<\/title>\n<meta name=\"description\" content=\"Die Auxsys GmbH ist ein innovatives Start-up, das sich auf die Entwicklung und Vermarktung aktiver Exoskelette spezialisiert hat.\" \/>\n<meta name=\"robots\" content=\"index, follow, max-snippet:-1, max-image-preview:large, max-video-preview:-1\" \/>\n<link rel=\"canonical\" href=\"https:\/\/katpro.de\/en\/auxsys-gmbh\/\" \/>\n<meta property=\"og:locale\" content=\"en_GB\" \/>\n<meta property=\"og:type\" content=\"article\" \/>\n<meta property=\"og:title\" content=\"Auxsys GmbH - KATPRO\" \/>\n<meta property=\"og:description\" content=\"Die Auxsys GmbH ist ein innovatives Start-up, das sich auf die Entwicklung und Vermarktung aktiver Exoskelette spezialisiert hat.\" \/>\n<meta property=\"og:url\" content=\"https:\/\/katpro.de\/en\/auxsys-gmbh\/\" \/>\n<meta property=\"og:site_name\" content=\"KATPRO\" \/>\n<meta property=\"article:modified_time\" content=\"2025-08-11T10:31:14+00:00\" \/>\n<meta name=\"twitter:card\" content=\"summary_large_image\" \/>\n<meta name=\"twitter:label1\" content=\"Estimated reading time\" \/>\n\t<meta name=\"twitter:data1\" content=\"1 minute\" \/>\n<script type=\"application\/ld+json\" class=\"yoast-schema-graph\">{\"@context\":\"https:\\\/\\\/schema.org\",\"@graph\":[{\"@type\":\"WebPage\",\"@id\":\"https:\\\/\\\/katpro.de\\\/auxsys-gmbh\\\/\",\"url\":\"https:\\\/\\\/katpro.de\\\/auxsys-gmbh\\\/\",\"name\":\"Auxsys GmbH - KATPRO\",\"isPartOf\":{\"@id\":\"https:\\\/\\\/katpro.de\\\/#website\"},\"datePublished\":\"2025-04-17T07:24:23+00:00\",\"dateModified\":\"2025-08-11T10:31:14+00:00\",\"description\":\"Die Auxsys GmbH ist ein innovatives Start-up, das sich auf die Entwicklung und Vermarktung aktiver Exoskelette spezialisiert hat.\",\"breadcrumb\":{\"@id\":\"https:\\\/\\\/katpro.de\\\/auxsys-gmbh\\\/#breadcrumb\"},\"inLanguage\":\"en-GB\",\"potentialAction\":[{\"@type\":\"ReadAction\",\"target\":[\"https:\\\/\\\/katpro.de\\\/auxsys-gmbh\\\/\"]}]},{\"@type\":\"BreadcrumbList\",\"@id\":\"https:\\\/\\\/katpro.de\\\/auxsys-gmbh\\\/#breadcrumb\",\"itemListElement\":[{\"@type\":\"ListItem\",\"position\":1,\"name\":\"Startseite\",\"item\":\"https:\\\/\\\/katpro.de\\\/\"},{\"@type\":\"ListItem\",\"position\":2,\"name\":\"Auxsys GmbH\"}]},{\"@type\":\"WebSite\",\"@id\":\"https:\\\/\\\/katpro.de\\\/#website\",\"url\":\"https:\\\/\\\/katpro.de\\\/\",\"name\":\"KATPRO\",\"description\":\"Innovationen f&uuml;r den Katastrophenschutz\",\"potentialAction\":[{\"@type\":\"SearchAction\",\"target\":{\"@type\":\"EntryPoint\",\"urlTemplate\":\"https:\\\/\\\/katpro.de\\\/?s={search_term_string}\"},\"query-input\":{\"@type\":\"PropertyValueSpecification\",\"valueRequired\":true,\"valueName\":\"search_term_string\"}}],\"inLanguage\":\"en-GB\"}]}<\/script>\n<!-- \/ Yoast SEO plugin. -->","yoast_head_json":{"title":"Auxsys GmbH - KATPRO","description":"Die Auxsys GmbH ist ein innovatives Start-up, das sich auf die Entwicklung und Vermarktung aktiver Exoskelette spezialisiert hat.","robots":{"index":"index","follow":"follow","max-snippet":"max-snippet:-1","max-image-preview":"max-image-preview:large","max-video-preview":"max-video-preview:-1"},"canonical":"https:\/\/katpro.de\/en\/auxsys-gmbh\/","og_locale":"en_GB","og_type":"article","og_title":"Auxsys GmbH - KATPRO","og_description":"Die Auxsys GmbH ist ein innovatives Start-up, das sich auf die Entwicklung und Vermarktung aktiver Exoskelette spezialisiert hat.","og_url":"https:\/\/katpro.de\/en\/auxsys-gmbh\/","og_site_name":"KATPRO","article_modified_time":"2025-08-11T10:31:14+00:00","twitter_card":"summary_large_image","twitter_misc":{"Estimated reading time":"1 minute"},"schema":{"@context":"https:\/\/schema.org","@graph":[{"@type":"WebPage","@id":"https:\/\/katpro.de\/auxsys-gmbh\/","url":"https:\/\/katpro.de\/auxsys-gmbh\/","name":"Auxsys GmbH - KATPRO","isPartOf":{"@id":"https:\/\/katpro.de\/#website"},"datePublished":"2025-04-17T07:24:23+00:00","dateModified":"2025-08-11T10:31:14+00:00","description":"Die Auxsys GmbH ist ein innovatives Start-up, das sich auf die Entwicklung und Vermarktung aktiver Exoskelette spezialisiert hat.","breadcrumb":{"@id":"https:\/\/katpro.de\/auxsys-gmbh\/#breadcrumb"},"inLanguage":"en-GB","potentialAction":[{"@type":"ReadAction","target":["https:\/\/katpro.de\/auxsys-gmbh\/"]}]},{"@type":"BreadcrumbList","@id":"https:\/\/katpro.de\/auxsys-gmbh\/#breadcrumb","itemListElement":[{"@type":"ListItem","position":1,"name":"Startseite","item":"https:\/\/katpro.de\/"},{"@type":"ListItem","position":2,"name":"Auxsys GmbH"}]},{"@type":"WebSite","@id":"https:\/\/katpro.de\/#website","url":"https:\/\/katpro.de\/","name":"KATPRO","description":"Innovationen f&uuml;r den Katastrophenschutz","potentialAction":[{"@type":"SearchAction","target":{"@type":"EntryPoint","urlTemplate":"https:\/\/katpro.de\/?s={search_term_string}"},"query-input":{"@type":"PropertyValueSpecification","valueRequired":true,"valueName":"search_term_string"}}],"inLanguage":"en-GB"}]}},"_links":{"self":[{"href":"https:\/\/katpro.de\/en\/wp-json\/wp\/v2\/pages\/23945187","targetHints":{"allow":["GET"]}}],"collection":[{"href":"https:\/\/katpro.de\/en\/wp-json\/wp\/v2\/pages"}],"about":[{"href":"https:\/\/katpro.de\/en\/wp-json\/wp\/v2\/types\/page"}],"author":[{"embeddable":true,"href":"https:\/\/katpro.de\/en\/wp-json\/wp\/v2\/users\/7"}],"replies":[{"embeddable":true,"href":"https:\/\/katpro.de\/en\/wp-json\/wp\/v2\/comments?post=23945187"}],"version-history":[{"count":0,"href":"https:\/\/katpro.de\/en\/wp-json\/wp\/v2\/pages\/23945187\/revisions"}],"wp:attachment":[{"href":"https:\/\/katpro.de\/en\/wp-json\/wp\/v2\/media?parent=23945187"}],"wp:term":[{"taxonomy":"dipi_cpt_category","embeddable":true,"href":"https:\/\/katpro.de\/en\/wp-json\/wp\/v2\/dipi_cpt_category?post=23945187"}],"curies":[{"name":"wp","href":"https:\/\/api.w.org\/{rel}","templated":true}]}}