{"id":23945202,"date":"2025-04-17T07:43:07","date_gmt":"2025-04-17T07:43:07","guid":{"rendered":"https:\/\/katpro.de\/?page_id=23945202"},"modified":"2025-08-11T10:40:37","modified_gmt":"2025-08-11T10:40:37","slug":"vomatec-innovations-gmbh","status":"publish","type":"page","link":"https:\/\/katpro.de\/en\/vomatec-innovations-gmbh\/","title":{"rendered":"VOMATEC Innovations Ltd."},"content":{"rendered":"<p>[et_pb_section fb_built=&#8221;1&#8243; _builder_version=&#8221;4.16&#8243; global_colors_info=&#8221;{}&#8221;][et_pb_row column_structure=&#8221;1_2,1_2&#8243; disabled_on=&#8221;on|on|off&#8221; _builder_version=&#8221;4.27.4&#8243; global_colors_info=&#8221;{}&#8221;][et_pb_column type=&#8221;1_2&#8243; _builder_version=&#8221;4.16&#8243; global_colors_info=&#8221;{}&#8221;][et_pb_text _builder_version=&#8221;4.25.2&#8243; text_font=&#8221;Mukta Malar|700|||||||&#8221; text_font_size=&#8221;25px&#8221; header_3_font=&#8221;&#8211;et_global_heading_font|700|||||||&#8221; header_3_text_color=&#8221;gcid-heading-color&#8221; header_3_font_size=&#8221;29px&#8221; custom_margin=&#8221;7px||||false|false&#8221; global_colors_info=&#8221;{%22gcid-heading-color%22:%91%22header_3_text_color%22%93}&#8221;]<\/p>\n<h3>VOMATEC Innovations GmbH<\/h3>\n<p>[\/et_pb_text][et_pb_divider color=&#8221;#E41D1A&#8221; divider_weight=&#8221;2px&#8221; _builder_version=&#8221;4.25.2&#8243; global_colors_info=&#8221;{}&#8221;][\/et_pb_divider][\/et_pb_column][et_pb_column type=&#8221;1_2&#8243; _builder_version=&#8221;4.16&#8243; global_colors_info=&#8221;{}&#8221;][et_pb_button button_url=&#8221;https:\/\/katpro.de\/#mitglieder&#8221; button_text=&#8221;ZUR\u00dcCK&#8221; button_alignment=&#8221;right&#8221; _builder_version=&#8221;4.27.4&#8243; custom_button=&#8221;on&#8221; button_text_size=&#8221;14px&#8221; button_text_color=&#8221;#FFFFFF&#8221; button_border_width=&#8221;0px&#8221; button_border_color=&#8221;#2eabc1&#8243; button_border_radius=&#8221;10px&#8221; button_letter_spacing=&#8221;0px&#8221; button_font=&#8221;|600||on|||||&#8221; button_use_icon=&#8221;off&#8221; custom_padding=&#8221;13px|30px|13px|30px|true|true&#8221; box_shadow_style=&#8221;preset3&#8243; locked=&#8221;off&#8221; global_colors_info=&#8221;{%22gcid-55471430-512e-486b-955c-ddb7c79577ec%22:%91%22button_text_color%22%93}&#8221; button_text_color__hover_enabled=&#8221;off|desktop&#8221; button_text_color__hover=&#8221;#E41D1A&#8221; button_bg_color__hover_enabled=&#8221;on|hover&#8221; button_bg_color__hover=&#8221;#3A3F70&#8243; button_bg_enable_color__hover=&#8221;on&#8221; button_border_color__hover_enabled=&#8221;on|hover&#8221; button_border_color__hover=&#8221;#425d93&#8243; button_letter_spacing__hover_enabled=&#8221;on|hover&#8221; button_letter_spacing__hover=&#8221;2px&#8221;][\/et_pb_button][\/et_pb_column][\/et_pb_row][et_pb_row column_structure=&#8221;1_2,1_2&#8243; disabled_on=&#8221;off|off|on&#8221; _builder_version=&#8221;4.27.4&#8243; global_colors_info=&#8221;{}&#8221;][et_pb_column type=&#8221;1_2&#8243; _builder_version=&#8221;4.16&#8243; global_colors_info=&#8221;{}&#8221;][et_pb_button button_url=&#8221;https:\/\/katpro.de\/#mitglieder&#8221; button_text=&#8221;ZUR\u00dcCK&#8221; button_alignment=&#8221;right&#8221; _builder_version=&#8221;4.27.4&#8243; custom_button=&#8221;on&#8221; button_text_size=&#8221;14px&#8221; button_text_color=&#8221;#FFFFFF&#8221; button_border_width=&#8221;0px&#8221; button_border_color=&#8221;#2eabc1&#8243; button_border_radius=&#8221;10px&#8221; button_letter_spacing=&#8221;0px&#8221; button_font=&#8221;|600||on|||||&#8221; button_use_icon=&#8221;off&#8221; custom_padding=&#8221;13px|30px|13px|30px|true|true&#8221; box_shadow_style=&#8221;preset3&#8243; locked=&#8221;off&#8221; global_colors_info=&#8221;{%22gcid-55471430-512e-486b-955c-ddb7c79577ec%22:%91%22button_text_color%22%93}&#8221; button_text_color__hover_enabled=&#8221;off|desktop&#8221; button_text_color__hover=&#8221;#E41D1A&#8221; button_bg_color__hover_enabled=&#8221;on|hover&#8221; button_bg_color__hover=&#8221;#3A3F70&#8243; button_bg_enable_color__hover=&#8221;on&#8221; button_border_color__hover_enabled=&#8221;on|hover&#8221; button_border_color__hover=&#8221;#425d93&#8243; button_letter_spacing__hover_enabled=&#8221;on|hover&#8221; button_letter_spacing__hover=&#8221;2px&#8221;][\/et_pb_button][\/et_pb_column][et_pb_column type=&#8221;1_2&#8243; _builder_version=&#8221;4.16&#8243; global_colors_info=&#8221;{}&#8221;][et_pb_text _builder_version=&#8221;4.25.2&#8243; text_font=&#8221;Mukta Malar|700|||||||&#8221; text_font_size=&#8221;25px&#8221; header_3_font=&#8221;&#8211;et_global_heading_font|700|||||||&#8221; header_3_text_color=&#8221;gcid-heading-color&#8221; header_3_font_size=&#8221;29px&#8221; custom_margin=&#8221;7px||||false|false&#8221; global_colors_info=&#8221;{%22gcid-heading-color%22:%91%22header_3_text_color%22%93}&#8221;]<\/p>\n<h3>VOMATEC Innovations GmbH<\/h3>\n<p>[\/et_pb_text][et_pb_divider color=&#8221;#E41D1A&#8221; divider_weight=&#8221;2px&#8221; _builder_version=&#8221;4.25.2&#8243; global_colors_info=&#8221;{}&#8221;][\/et_pb_divider][\/et_pb_column][\/et_pb_row][et_pb_row column_structure=&#8221;3_5,2_5&#8243; _builder_version=&#8221;4.16&#8243; custom_margin=&#8221;0px|auto||auto||&#8221; custom_padding=&#8221;4px||10px|||&#8221; locked=&#8221;off&#8221; global_colors_info=&#8221;{}&#8221;][et_pb_column type=&#8221;3_5&#8243; _builder_version=&#8221;4.16&#8243; global_colors_info=&#8221;{}&#8221;][et_pb_text _builder_version=&#8221;4.27.4&#8243; text_font_size=&#8221;17px&#8221; hover_enabled=&#8221;0&#8243; global_colors_info=&#8221;{}&#8221; sticky_enabled=&#8221;0&#8243;]<\/p>\n<p>Die VOMATEC Innovations GmbH entwickelt seit 1992 integrierte Softwarel\u00f6sungen f\u00fcr die Sicherheitsbranche. Zu den Kunden z\u00e4hlen nationale und internationale Industrieunternehmen, kritische Infrastrukturen, Feuerwehren, Rettungsdienste sowie Polizei und Werkfeuerwehren. Die L\u00f6sungen von VOMATEC sind auf die Verhinderung und schnellstm\u00f6gliche Begrenzung von Sch\u00e4den ausgelegt \u2013 mit besonderem Fokus auf Echtzeit-Lageinformationen, Einsatzsteuerung und Schnittstellenintegration.<\/p>\n<p>Im KATPRO-Netzwerk bringt VOMATEC unter anderem das Projekt <strong>\u201eRescueWave\u201c<\/strong> ein \u2013 ein digitales Managementsystem f\u00fcr Gro\u00dfschadenslagen. Es erm\u00f6glicht die dynamische Visualisierung und Steuerung von Einsatzkr\u00e4ften und Ressourcen auf Basis aktueller Lagedaten \u2013 eine entscheidende Voraussetzung f\u00fcr effektiven Bev\u00f6lkerungsschutz in komplexen Einsatzsituationen\u200b.<\/p>\n<p><strong>Kernkompetenzen f\u00fcr das Netzwerk:<\/strong><br \/>Integrierte Einsatzsoftware, Lagedarstellung in Echtzeit, digitale Unterst\u00fctzung bei Gro\u00dfschadenslagen, Anbindung kritischer Infrastrukturen<\/p>\n<p>[\/et_pb_text][\/et_pb_column][et_pb_column type=&#8221;2_5&#8243; _builder_version=&#8221;4.16&#8243; custom_padding=&#8221;30px|30px|30px|30px|true|false&#8221; box_shadow_style=&#8221;preset1&#8243; global_colors_info=&#8221;{}&#8221;][et_pb_image src=&#8221;https:\/\/katpro.de\/media\/2025\/07\/24.png&#8221; _builder_version=&#8221;4.27.4&#8243; custom_margin=&#8221;-30px||||false|false&#8221; global_colors_info=&#8221;{}&#8221;][\/et_pb_image][et_pb_blurb url=&#8221;https:\/\/vomatec.de\/&#8221; use_icon=&#8221;on&#8221; font_icon=&#8221;&#xe0e3;||divi||400&#8243; icon_color=&#8221;#3A3F70&#8243; icon_placement=&#8221;left&#8221; image_icon_width=&#8221;25px&#8221; _builder_version=&#8221;4.27.4&#8243; body_font=&#8221;|600|||||||&#8221; body_font_size=&#8221;19px&#8221; body_link_font=&#8221;|600|||||||&#8221; body_link_text_color=&#8221;#3A3F70&#8243; body_link_font_size=&#8221;18px&#8221; body_link_line_height=&#8221;1.5em&#8221; custom_margin=&#8221;-97px||63px|40px|false|false&#8221; custom_margin_tablet=&#8221;|||40px|false|false&#8221; custom_margin_phone=&#8221;||45px|35px|false|false&#8221; custom_margin_last_edited=&#8221;off|desktop&#8221; link_option_url=&#8221;https:\/\/vomatec.de\/&#8221; icon_font_size=&#8221;25px&#8221; global_colors_info=&#8221;{}&#8221; body_link_letter_spacing__hover_enabled=&#8221;on|hover&#8221; body_link_letter_spacing__hover=&#8221;2px&#8221;]<\/p>\n<p><a href=\"https:\/\/vomatec.de\/\">Website besuchen<\/a><\/p>\n<p>[\/et_pb_blurb][\/et_pb_column][\/et_pb_row][et_pb_row _builder_version=&#8221;4.16&#8243; global_colors_info=&#8221;{}&#8221;][et_pb_column type=&#8221;4_4&#8243; _builder_version=&#8221;4.16&#8243; global_colors_info=&#8221;{}&#8221;][\/et_pb_column][\/et_pb_row][\/et_pb_section]<\/p>\n","protected":false},"excerpt":{"rendered":"<p>VOMATEC Innovations GmbHVOMATEC Innovations GmbHDie VOMATEC Innovations GmbH entwickelt seit 1992 integrierte Softwarel\u00f6sungen f\u00fcr die Sicherheitsbranche. Zu den Kunden z\u00e4hlen nationale und internationale Industrieunternehmen, kritische Infrastrukturen, Feuerwehren, Rettungsdienste sowie Polizei und Werkfeuerwehren. Die L\u00f6sungen von VOMATEC sind auf die Verhinderung und schnellstm\u00f6gliche Begrenzung von Sch\u00e4den ausgelegt \u2013 mit besonderem Fokus auf Echtzeit-Lageinformationen, Einsatzsteuerung und Schnittstellenintegration. [&hellip;]<\/p>\n","protected":false},"author":7,"featured_media":0,"parent":0,"menu_order":0,"comment_status":"closed","ping_status":"closed","template":"","meta":{"_et_pb_use_builder":"on","_et_pb_old_content":"","_et_gb_content_width":"","footnotes":""},"dipi_cpt_category":[],"class_list":["post-23945202","page","type-page","status-publish","hentry"],"yoast_head":"<!-- This site is optimized with the Yoast SEO plugin v27.3 - https:\/\/yoast.com\/product\/yoast-seo-wordpress\/ -->\n<title>VOMATEC Innovations GmbH - KATPRO<\/title>\n<meta name=\"description\" content=\"Die VOMATEC Innovations GmbH entwickelt seit 1992 integrierte Softwarel\u00f6sungen f\u00fcr die Sicherheitsbranche.\" \/>\n<meta name=\"robots\" content=\"index, follow, max-snippet:-1, max-image-preview:large, max-video-preview:-1\" \/>\n<link rel=\"canonical\" href=\"https:\/\/katpro.de\/en\/vomatec-innovations-gmbh\/\" \/>\n<meta property=\"og:locale\" content=\"en_GB\" \/>\n<meta property=\"og:type\" content=\"article\" \/>\n<meta property=\"og:title\" content=\"VOMATEC Innovations GmbH - KATPRO\" \/>\n<meta property=\"og:description\" content=\"Die VOMATEC Innovations GmbH entwickelt seit 1992 integrierte Softwarel\u00f6sungen f\u00fcr die Sicherheitsbranche.\" \/>\n<meta property=\"og:url\" content=\"https:\/\/katpro.de\/en\/vomatec-innovations-gmbh\/\" \/>\n<meta property=\"og:site_name\" content=\"KATPRO\" \/>\n<meta property=\"article:modified_time\" content=\"2025-08-11T10:40:37+00:00\" \/>\n<meta name=\"twitter:card\" content=\"summary_large_image\" \/>\n<meta name=\"twitter:label1\" content=\"Estimated reading time\" \/>\n\t<meta name=\"twitter:data1\" content=\"1 minute\" \/>\n<script type=\"application\/ld+json\" class=\"yoast-schema-graph\">{\"@context\":\"https:\\\/\\\/schema.org\",\"@graph\":[{\"@type\":\"WebPage\",\"@id\":\"https:\\\/\\\/katpro.de\\\/vomatec-innovations-gmbh\\\/\",\"url\":\"https:\\\/\\\/katpro.de\\\/vomatec-innovations-gmbh\\\/\",\"name\":\"VOMATEC Innovations GmbH - KATPRO\",\"isPartOf\":{\"@id\":\"https:\\\/\\\/katpro.de\\\/#website\"},\"datePublished\":\"2025-04-17T07:43:07+00:00\",\"dateModified\":\"2025-08-11T10:40:37+00:00\",\"description\":\"Die VOMATEC Innovations GmbH entwickelt seit 1992 integrierte Softwarel\u00f6sungen f\u00fcr die Sicherheitsbranche.\",\"breadcrumb\":{\"@id\":\"https:\\\/\\\/katpro.de\\\/vomatec-innovations-gmbh\\\/#breadcrumb\"},\"inLanguage\":\"en-GB\",\"potentialAction\":[{\"@type\":\"ReadAction\",\"target\":[\"https:\\\/\\\/katpro.de\\\/vomatec-innovations-gmbh\\\/\"]}]},{\"@type\":\"BreadcrumbList\",\"@id\":\"https:\\\/\\\/katpro.de\\\/vomatec-innovations-gmbh\\\/#breadcrumb\",\"itemListElement\":[{\"@type\":\"ListItem\",\"position\":1,\"name\":\"Startseite\",\"item\":\"https:\\\/\\\/katpro.de\\\/\"},{\"@type\":\"ListItem\",\"position\":2,\"name\":\"VOMATEC Innovations GmbH\"}]},{\"@type\":\"WebSite\",\"@id\":\"https:\\\/\\\/katpro.de\\\/#website\",\"url\":\"https:\\\/\\\/katpro.de\\\/\",\"name\":\"KATPRO\",\"description\":\"Innovationen f&uuml;r den Katastrophenschutz\",\"potentialAction\":[{\"@type\":\"SearchAction\",\"target\":{\"@type\":\"EntryPoint\",\"urlTemplate\":\"https:\\\/\\\/katpro.de\\\/?s={search_term_string}\"},\"query-input\":{\"@type\":\"PropertyValueSpecification\",\"valueRequired\":true,\"valueName\":\"search_term_string\"}}],\"inLanguage\":\"en-GB\"}]}<\/script>\n<!-- \/ Yoast SEO plugin. -->","yoast_head_json":{"title":"VOMATEC Innovations GmbH - KATPRO","description":"Die VOMATEC Innovations GmbH entwickelt seit 1992 integrierte Softwarel\u00f6sungen f\u00fcr die Sicherheitsbranche.","robots":{"index":"index","follow":"follow","max-snippet":"max-snippet:-1","max-image-preview":"max-image-preview:large","max-video-preview":"max-video-preview:-1"},"canonical":"https:\/\/katpro.de\/en\/vomatec-innovations-gmbh\/","og_locale":"en_GB","og_type":"article","og_title":"VOMATEC Innovations GmbH - KATPRO","og_description":"Die VOMATEC Innovations GmbH entwickelt seit 1992 integrierte Softwarel\u00f6sungen f\u00fcr die Sicherheitsbranche.","og_url":"https:\/\/katpro.de\/en\/vomatec-innovations-gmbh\/","og_site_name":"KATPRO","article_modified_time":"2025-08-11T10:40:37+00:00","twitter_card":"summary_large_image","twitter_misc":{"Estimated reading time":"1 minute"},"schema":{"@context":"https:\/\/schema.org","@graph":[{"@type":"WebPage","@id":"https:\/\/katpro.de\/vomatec-innovations-gmbh\/","url":"https:\/\/katpro.de\/vomatec-innovations-gmbh\/","name":"VOMATEC Innovations GmbH - KATPRO","isPartOf":{"@id":"https:\/\/katpro.de\/#website"},"datePublished":"2025-04-17T07:43:07+00:00","dateModified":"2025-08-11T10:40:37+00:00","description":"Die VOMATEC Innovations GmbH entwickelt seit 1992 integrierte Softwarel\u00f6sungen f\u00fcr die Sicherheitsbranche.","breadcrumb":{"@id":"https:\/\/katpro.de\/vomatec-innovations-gmbh\/#breadcrumb"},"inLanguage":"en-GB","potentialAction":[{"@type":"ReadAction","target":["https:\/\/katpro.de\/vomatec-innovations-gmbh\/"]}]},{"@type":"BreadcrumbList","@id":"https:\/\/katpro.de\/vomatec-innovations-gmbh\/#breadcrumb","itemListElement":[{"@type":"ListItem","position":1,"name":"Startseite","item":"https:\/\/katpro.de\/"},{"@type":"ListItem","position":2,"name":"VOMATEC Innovations GmbH"}]},{"@type":"WebSite","@id":"https:\/\/katpro.de\/#website","url":"https:\/\/katpro.de\/","name":"KATPRO","description":"Innovationen f&uuml;r den Katastrophenschutz","potentialAction":[{"@type":"SearchAction","target":{"@type":"EntryPoint","urlTemplate":"https:\/\/katpro.de\/?s={search_term_string}"},"query-input":{"@type":"PropertyValueSpecification","valueRequired":true,"valueName":"search_term_string"}}],"inLanguage":"en-GB"}]}},"_links":{"self":[{"href":"https:\/\/katpro.de\/en\/wp-json\/wp\/v2\/pages\/23945202","targetHints":{"allow":["GET"]}}],"collection":[{"href":"https:\/\/katpro.de\/en\/wp-json\/wp\/v2\/pages"}],"about":[{"href":"https:\/\/katpro.de\/en\/wp-json\/wp\/v2\/types\/page"}],"author":[{"embeddable":true,"href":"https:\/\/katpro.de\/en\/wp-json\/wp\/v2\/users\/7"}],"replies":[{"embeddable":true,"href":"https:\/\/katpro.de\/en\/wp-json\/wp\/v2\/comments?post=23945202"}],"version-history":[{"count":0,"href":"https:\/\/katpro.de\/en\/wp-json\/wp\/v2\/pages\/23945202\/revisions"}],"wp:attachment":[{"href":"https:\/\/katpro.de\/en\/wp-json\/wp\/v2\/media?parent=23945202"}],"wp:term":[{"taxonomy":"dipi_cpt_category","embeddable":true,"href":"https:\/\/katpro.de\/en\/wp-json\/wp\/v2\/dipi_cpt_category?post=23945202"}],"curies":[{"name":"wp","href":"https:\/\/api.w.org\/{rel}","templated":true}]}}